{"id":4706,"date":"2025-03-16T15:34:13","date_gmt":"2025-03-16T11:34:13","guid":{"rendered":"https:\/\/b2b-armangroup.com\/product\/honey-cigars-marlenka-250g\/"},"modified":"2025-10-12T14:39:01","modified_gmt":"2025-10-12T10:39:01","slug":"honey-cigars-marlenka-250g","status":"publish","type":"product","link":"https:\/\/b2b-armangroup.com\/fr\/produit\/honey-cigars-marlenka-250g\/","title":{"rendered":"Marlenka \u2014 Cigares au miel 250 g"},"content":{"rendered":"","protected":false},"excerpt":{"rendered":"<p class=\"p1\">Marlenka Cigares au miel 250 g. Rouleaux croustillants garnis d\u2019une cr\u00e8me au miel onctueuse et saupoudr\u00e9s de sucre. Une alliance subtile de croquant et de douceur naturelle. Id\u00e9al \u00e0 d\u00e9guster avec un caf\u00e9, un th\u00e9 ou en dessert raffin\u00e9. Format : 250 g.<\/p>\n<p>5,37 \u20ac<\/p>","protected":false},"featured_media":13352,"comment_status":"open","ping_status":"closed","template":"","meta":{"_acf_changed":false},"product_brand":[],"product_cat":[174,185,218],"product_tag":[],"class_list":{"0":"post-4706","1":"product","2":"type-product","3":"status-publish","4":"has-post-thumbnail","6":"product_cat-all-collections","7":"product_cat-marlenka","8":"product_cat-sweets","10":"first","11":"instock","12":"shipping-taxable","13":"purchasable","14":"product-type-variable","15":"wvs-archive-product-wrapper"},"acf":[],"_links":{"self":[{"href":"https:\/\/b2b-armangroup.com\/fr\/wp-json\/wp\/v2\/product\/4706","targetHints":{"allow":["GET"]}}],"collection":[{"href":"https:\/\/b2b-armangroup.com\/fr\/wp-json\/wp\/v2\/product"}],"about":[{"href":"https:\/\/b2b-armangroup.com\/fr\/wp-json\/wp\/v2\/types\/product"}],"replies":[{"embeddable":true,"href":"https:\/\/b2b-armangroup.com\/fr\/wp-json\/wp\/v2\/comments?post=4706"}],"version-history":[{"count":3,"href":"https:\/\/b2b-armangroup.com\/fr\/wp-json\/wp\/v2\/product\/4706\/revisions"}],"predecessor-version":[{"id":13353,"href":"https:\/\/b2b-armangroup.com\/fr\/wp-json\/wp\/v2\/product\/4706\/revisions\/13353"}],"wp:featuredmedia":[{"embeddable":true,"href":"https:\/\/b2b-armangroup.com\/fr\/wp-json\/wp\/v2\/media\/13352"}],"wp:attachment":[{"href":"https:\/\/b2b-armangroup.com\/fr\/wp-json\/wp\/v2\/media?parent=4706"}],"wp:term":[{"taxonomy":"product_brand","embeddable":true,"href":"https:\/\/b2b-armangroup.com\/fr\/wp-json\/wp\/v2\/product_brand?post=4706"},{"taxonomy":"product_cat","embeddable":true,"href":"https:\/\/b2b-armangroup.com\/fr\/wp-json\/wp\/v2\/product_cat?post=4706"},{"taxonomy":"product_tag","embeddable":true,"href":"https:\/\/b2b-armangroup.com\/fr\/wp-json\/wp\/v2\/product_tag?post=4706"}],"curies":[{"name":"wp","href":"https:\/\/api.w.org\/{rel}","templated":true}]}}