{"id":4714,"date":"2025-03-16T15:34:13","date_gmt":"2025-03-16T11:34:13","guid":{"rendered":"https:\/\/b2b-armangroup.com\/product\/hot-chocolate-royal-armenia-bu-3in1-20g\/"},"modified":"2026-03-11T13:56:46","modified_gmt":"2026-03-11T09:56:46","slug":"hot-chocolate-royal-armenia-bu-3in1-20g","status":"publish","type":"product","link":"https:\/\/b2b-armangroup.com\/fr\/produit\/hot-chocolate-royal-armenia-bu-3in1-20g\/","title":{"rendered":"Royal Armenia Bu Chocolat Chaud Instantan\u00e9 3en1 \u2013 20g"},"content":{"rendered":"","protected":false},"excerpt":{"rendered":"<p class=\"p1 translation-block\">Le Bu 3en1 Chocolat Chaud de Royal Armenia est un m\u00e9lange instantan\u00e9 de cacao onctueux au go\u00fbt riche et cr\u00e9meux. Id\u00e9al pour une boisson r\u00e9confortante et rapide \u00e0 la maison, au travail ou en d\u00e9placement.<\/p>\n<p>4,90 \u20ac per pack<\/p>","protected":false},"featured_media":10819,"comment_status":"open","ping_status":"closed","template":"","meta":{"_acf_changed":false},"product_brand":[],"product_cat":[174,179],"product_tag":[119],"class_list":{"0":"post-4714","1":"product","2":"type-product","3":"status-publish","4":"has-post-thumbnail","6":"product_cat-all-collections","7":"product_cat-coffee-and-tea","8":"product_tag-119","10":"first","11":"instock","12":"shipping-taxable","13":"purchasable","14":"product-type-variable","15":"wvs-archive-product-wrapper"},"acf":[],"_links":{"self":[{"href":"https:\/\/b2b-armangroup.com\/fr\/wp-json\/wp\/v2\/product\/4714","targetHints":{"allow":["GET"]}}],"collection":[{"href":"https:\/\/b2b-armangroup.com\/fr\/wp-json\/wp\/v2\/product"}],"about":[{"href":"https:\/\/b2b-armangroup.com\/fr\/wp-json\/wp\/v2\/types\/product"}],"replies":[{"embeddable":true,"href":"https:\/\/b2b-armangroup.com\/fr\/wp-json\/wp\/v2\/comments?post=4714"}],"version-history":[{"count":6,"href":"https:\/\/b2b-armangroup.com\/fr\/wp-json\/wp\/v2\/product\/4714\/revisions"}],"predecessor-version":[{"id":15997,"href":"https:\/\/b2b-armangroup.com\/fr\/wp-json\/wp\/v2\/product\/4714\/revisions\/15997"}],"wp:featuredmedia":[{"embeddable":true,"href":"https:\/\/b2b-armangroup.com\/fr\/wp-json\/wp\/v2\/media\/10819"}],"wp:attachment":[{"href":"https:\/\/b2b-armangroup.com\/fr\/wp-json\/wp\/v2\/media?parent=4714"}],"wp:term":[{"taxonomy":"product_brand","embeddable":true,"href":"https:\/\/b2b-armangroup.com\/fr\/wp-json\/wp\/v2\/product_brand?post=4714"},{"taxonomy":"product_cat","embeddable":true,"href":"https:\/\/b2b-armangroup.com\/fr\/wp-json\/wp\/v2\/product_cat?post=4714"},{"taxonomy":"product_tag","embeddable":true,"href":"https:\/\/b2b-armangroup.com\/fr\/wp-json\/wp\/v2\/product_tag?post=4714"}],"curies":[{"name":"wp","href":"https:\/\/api.w.org\/{rel}","templated":true}]}}