{"id":4742,"date":"2025-03-16T15:34:14","date_gmt":"2025-03-16T11:34:14","guid":{"rendered":"https:\/\/b2b-armangroup.com\/product\/hot-peppers-marinated-avshar-500g\/"},"modified":"2026-03-19T09:35:30","modified_gmt":"2026-03-19T05:35:30","slug":"hot-peppers-marinated-avshar-500g","status":"publish","type":"product","link":"https:\/\/b2b-armangroup.com\/fr\/produit\/hot-peppers-marinated-avshar-500g\/","title":{"rendered":"Avshar -Poivrons piquants \u00e0 l\u2019ail -500 g"},"content":{"rendered":"","protected":false},"excerpt":{"rendered":"<p class=\"p1\">Avshar Poivrons piquants \u00e0 l\u2019ail 500 g. Poivrons l\u00e9g\u00e8rement \u00e9pic\u00e9s marin\u00e9s avec de l\u2019ail frais pour une saveur aromatique et \u00e9quilibr\u00e9e. D\u00e9licatesse arm\u00e9nienne id\u00e9ale comme accompagnement ou hors-d\u2019\u0153uvre.<\/p>\n<p>2,80\u20ac<\/p>","protected":false},"featured_media":16212,"comment_status":"open","ping_status":"closed","template":"","meta":{"_acf_changed":false},"product_brand":[],"product_cat":[174,194,176,198],"product_tag":[77,78],"class_list":{"0":"post-4742","1":"product","2":"type-product","3":"status-publish","4":"has-post-thumbnail","6":"product_cat-all-collections","7":"product_cat-avshar","8":"product_cat-canned-goods","9":"product_cat-canned-vegetables-all-brands","10":"product_tag-avshar","11":"product_tag-78","13":"first","14":"outofstock","15":"shipping-taxable","16":"purchasable","17":"product-type-variable","18":"wvs-archive-product-wrapper"},"acf":[],"_links":{"self":[{"href":"https:\/\/b2b-armangroup.com\/fr\/wp-json\/wp\/v2\/product\/4742","targetHints":{"allow":["GET"]}}],"collection":[{"href":"https:\/\/b2b-armangroup.com\/fr\/wp-json\/wp\/v2\/product"}],"about":[{"href":"https:\/\/b2b-armangroup.com\/fr\/wp-json\/wp\/v2\/types\/product"}],"replies":[{"embeddable":true,"href":"https:\/\/b2b-armangroup.com\/fr\/wp-json\/wp\/v2\/comments?post=4742"}],"version-history":[{"count":6,"href":"https:\/\/b2b-armangroup.com\/fr\/wp-json\/wp\/v2\/product\/4742\/revisions"}],"predecessor-version":[{"id":13522,"href":"https:\/\/b2b-armangroup.com\/fr\/wp-json\/wp\/v2\/product\/4742\/revisions\/13522"}],"wp:featuredmedia":[{"embeddable":true,"href":"https:\/\/b2b-armangroup.com\/fr\/wp-json\/wp\/v2\/media\/16212"}],"wp:attachment":[{"href":"https:\/\/b2b-armangroup.com\/fr\/wp-json\/wp\/v2\/media?parent=4742"}],"wp:term":[{"taxonomy":"product_brand","embeddable":true,"href":"https:\/\/b2b-armangroup.com\/fr\/wp-json\/wp\/v2\/product_brand?post=4742"},{"taxonomy":"product_cat","embeddable":true,"href":"https:\/\/b2b-armangroup.com\/fr\/wp-json\/wp\/v2\/product_cat?post=4742"},{"taxonomy":"product_tag","embeddable":true,"href":"https:\/\/b2b-armangroup.com\/fr\/wp-json\/wp\/v2\/product_tag?post=4742"}],"curies":[{"name":"wp","href":"https:\/\/api.w.org\/{rel}","templated":true}]}}