{"id":4755,"date":"2025-03-16T15:34:15","date_gmt":"2025-03-16T11:34:15","guid":{"rendered":"https:\/\/b2b-armangroup.com\/product\/hot-sauce-for-meat-dishes-royal-350g\/"},"modified":"2026-04-09T13:54:23","modified_gmt":"2026-04-09T09:54:23","slug":"hot-sauce-for-meat-dishes-royal-350g","status":"publish","type":"product","link":"https:\/\/b2b-armangroup.com\/fr\/produit\/hot-sauce-for-meat-dishes-royal-350g\/","title":{"rendered":"Royal - Sauce piquante pour plats de viande - 350g"},"content":{"rendered":"","protected":false},"excerpt":{"rendered":"<p class=\"p1\">Royal Sauce piquante pour plats de viande 350 g. Sauce \u00e0 base de tomates relev\u00e9e d\u2019\u00e9pices, parfaite pour accompagner les viandes grill\u00e9es, r\u00f4ties ou frites. Intensifie la saveur de chaque plat.<\/p>\n<p>2,45 \u20ac<\/p>","protected":false},"featured_media":16265,"comment_status":"open","ping_status":"closed","template":"","meta":{"_acf_changed":false},"product_brand":[],"product_cat":[174,176,198,209],"product_tag":[78],"class_list":{"0":"post-4755","1":"product","2":"type-product","3":"status-publish","4":"has-post-thumbnail","6":"product_cat-all-collections","7":"product_cat-canned-goods","8":"product_cat-canned-vegetables-all-brands","9":"product_cat-royal","10":"product_tag-78","12":"first","13":"instock","14":"sale","15":"shipping-taxable","16":"purchasable","17":"product-type-variable","18":"wvs-archive-product-wrapper"},"acf":[],"_links":{"self":[{"href":"https:\/\/b2b-armangroup.com\/fr\/wp-json\/wp\/v2\/product\/4755","targetHints":{"allow":["GET"]}}],"collection":[{"href":"https:\/\/b2b-armangroup.com\/fr\/wp-json\/wp\/v2\/product"}],"about":[{"href":"https:\/\/b2b-armangroup.com\/fr\/wp-json\/wp\/v2\/types\/product"}],"replies":[{"embeddable":true,"href":"https:\/\/b2b-armangroup.com\/fr\/wp-json\/wp\/v2\/comments?post=4755"}],"version-history":[{"count":6,"href":"https:\/\/b2b-armangroup.com\/fr\/wp-json\/wp\/v2\/product\/4755\/revisions"}],"predecessor-version":[{"id":16509,"href":"https:\/\/b2b-armangroup.com\/fr\/wp-json\/wp\/v2\/product\/4755\/revisions\/16509"}],"wp:featuredmedia":[{"embeddable":true,"href":"https:\/\/b2b-armangroup.com\/fr\/wp-json\/wp\/v2\/media\/16265"}],"wp:attachment":[{"href":"https:\/\/b2b-armangroup.com\/fr\/wp-json\/wp\/v2\/media?parent=4755"}],"wp:term":[{"taxonomy":"product_brand","embeddable":true,"href":"https:\/\/b2b-armangroup.com\/fr\/wp-json\/wp\/v2\/product_brand?post=4755"},{"taxonomy":"product_cat","embeddable":true,"href":"https:\/\/b2b-armangroup.com\/fr\/wp-json\/wp\/v2\/product_cat?post=4755"},{"taxonomy":"product_tag","embeddable":true,"href":"https:\/\/b2b-armangroup.com\/fr\/wp-json\/wp\/v2\/product_tag?post=4755"}],"curies":[{"name":"wp","href":"https:\/\/api.w.org\/{rel}","templated":true}]}}