{"id":4804,"date":"2025-03-16T15:34:17","date_gmt":"2025-03-16T11:34:17","guid":{"rendered":"https:\/\/b2b-armangroup.com\/product\/ice-tea-royal-armenia-bu-3in1-raspberry-20g\/"},"modified":"2025-10-25T15:14:48","modified_gmt":"2025-10-25T11:14:48","slug":"ice-tea-royal-armenia-bu-3in1-raspberry-20g","status":"publish","type":"product","link":"https:\/\/b2b-armangroup.com\/fr\/produit\/ice-tea-royal-armenia-bu-3in1-raspberry-20g\/","title":{"rendered":"Royal Armenia Bu Th\u00e9 Glac\u00e9 Instantan\u00e9 3en1 Framboise \u2013 20g"},"content":{"rendered":"","protected":false},"excerpt":{"rendered":"<p class=\"p1 translation-block\">Le Bu 3en1 Th\u00e9 Glac\u00e9 Framboise de Royal Armenia est un m\u00e9lange instantan\u00e9 rafra\u00eechissant au go\u00fbt fruit\u00e9 et acidul\u00e9 de framboises. Id\u00e9al pour savourer une boisson fra\u00eeche \u00e0 tout moment.<\/p>\n<p>4,50\u20ac le pack<\/p>","protected":false},"featured_media":6548,"comment_status":"open","ping_status":"closed","template":"","meta":{"_acf_changed":false},"product_brand":[],"product_cat":[174,179],"product_tag":[110],"class_list":{"0":"post-4804","1":"product","2":"type-product","3":"status-publish","4":"has-post-thumbnail","6":"product_cat-all-collections","7":"product_cat-coffee-and-tea","8":"product_tag-110","10":"first","11":"instock","12":"shipping-taxable","13":"purchasable","14":"product-type-variable","15":"wvs-archive-product-wrapper"},"acf":[],"_links":{"self":[{"href":"https:\/\/b2b-armangroup.com\/fr\/wp-json\/wp\/v2\/product\/4804","targetHints":{"allow":["GET"]}}],"collection":[{"href":"https:\/\/b2b-armangroup.com\/fr\/wp-json\/wp\/v2\/product"}],"about":[{"href":"https:\/\/b2b-armangroup.com\/fr\/wp-json\/wp\/v2\/types\/product"}],"replies":[{"embeddable":true,"href":"https:\/\/b2b-armangroup.com\/fr\/wp-json\/wp\/v2\/comments?post=4804"}],"version-history":[{"count":3,"href":"https:\/\/b2b-armangroup.com\/fr\/wp-json\/wp\/v2\/product\/4804\/revisions"}],"predecessor-version":[{"id":13947,"href":"https:\/\/b2b-armangroup.com\/fr\/wp-json\/wp\/v2\/product\/4804\/revisions\/13947"}],"wp:featuredmedia":[{"embeddable":true,"href":"https:\/\/b2b-armangroup.com\/fr\/wp-json\/wp\/v2\/media\/6548"}],"wp:attachment":[{"href":"https:\/\/b2b-armangroup.com\/fr\/wp-json\/wp\/v2\/media?parent=4804"}],"wp:term":[{"taxonomy":"product_brand","embeddable":true,"href":"https:\/\/b2b-armangroup.com\/fr\/wp-json\/wp\/v2\/product_brand?post=4804"},{"taxonomy":"product_cat","embeddable":true,"href":"https:\/\/b2b-armangroup.com\/fr\/wp-json\/wp\/v2\/product_cat?post=4804"},{"taxonomy":"product_tag","embeddable":true,"href":"https:\/\/b2b-armangroup.com\/fr\/wp-json\/wp\/v2\/product_tag?post=4804"}],"curies":[{"name":"wp","href":"https:\/\/api.w.org\/{rel}","templated":true}]}}