{"id":4833,"date":"2025-03-16T15:34:18","date_gmt":"2025-03-16T11:34:18","guid":{"rendered":"https:\/\/b2b-armangroup.com\/product\/%d5%ab%d5%b4%d5%a1%d5%b4-%d5%a2%d5%a1%d5%b5%d5%a1%d5%ac%d5%a4%d5%ab-%d5%bc%d5%b8%d5%b5%d5%a1%d5%ac-520%d5%a3\/"},"modified":"2026-04-10T14:48:24","modified_gmt":"2026-04-10T10:48:24","slug":"%d5%ab%d5%b4%d5%a1%d5%b4-%d5%a2%d5%a1%d5%b5%d5%a1%d5%ac%d5%a4%d5%ab-%d5%bc%d5%b8%d5%b5%d5%a1%d5%ac-520%d5%a3","status":"publish","type":"product","link":"https:\/\/b2b-armangroup.com\/fr\/produit\/%d5%ab%d5%b4%d5%a1%d5%b4-%d5%a2%d5%a1%d5%b5%d5%a1%d5%ac%d5%a4%d5%ab-%d5%bc%d5%b8%d5%b5%d5%a1%d5%ac-520%d5%a3\/","title":{"rendered":"Royal - Imam Bayaldi - 520g"},"content":{"rendered":"","protected":false},"excerpt":{"rendered":"<p class=\"p1\">Royal Imam Bayaldi 520 g. Plat m\u00e9diterran\u00e9en traditionnel \u00e0 base d\u2019aubergines, de tomates, d\u2019oignons et d\u2019\u00e9pices, mijot\u00e9 lentement dans de l\u2019huile v\u00e9g\u00e9tale pour une texture fondante et savoureuse. Parfait en entr\u00e9e ou en accompagnement.<\/p>\n<p>3,50 \u20ac<\/p>","protected":false},"featured_media":16254,"comment_status":"open","ping_status":"closed","template":"","meta":{"_acf_changed":false},"product_brand":[],"product_cat":[174,176,198,209],"product_tag":[132,78,80],"class_list":{"0":"post-4833","1":"product","2":"type-product","3":"status-publish","4":"has-post-thumbnail","6":"product_cat-all-collections","7":"product_cat-canned-goods","8":"product_cat-canned-vegetables-all-brands","9":"product_cat-royal","10":"product_tag-sale","11":"product_tag-78","12":"product_tag-80","14":"first","15":"instock","16":"shipping-taxable","17":"purchasable","18":"product-type-variable","19":"wvs-archive-product-wrapper"},"acf":[],"_links":{"self":[{"href":"https:\/\/b2b-armangroup.com\/fr\/wp-json\/wp\/v2\/product\/4833","targetHints":{"allow":["GET"]}}],"collection":[{"href":"https:\/\/b2b-armangroup.com\/fr\/wp-json\/wp\/v2\/product"}],"about":[{"href":"https:\/\/b2b-armangroup.com\/fr\/wp-json\/wp\/v2\/types\/product"}],"replies":[{"embeddable":true,"href":"https:\/\/b2b-armangroup.com\/fr\/wp-json\/wp\/v2\/comments?post=4833"}],"version-history":[{"count":7,"href":"https:\/\/b2b-armangroup.com\/fr\/wp-json\/wp\/v2\/product\/4833\/revisions"}],"predecessor-version":[{"id":16566,"href":"https:\/\/b2b-armangroup.com\/fr\/wp-json\/wp\/v2\/product\/4833\/revisions\/16566"}],"wp:featuredmedia":[{"embeddable":true,"href":"https:\/\/b2b-armangroup.com\/fr\/wp-json\/wp\/v2\/media\/16254"}],"wp:attachment":[{"href":"https:\/\/b2b-armangroup.com\/fr\/wp-json\/wp\/v2\/media?parent=4833"}],"wp:term":[{"taxonomy":"product_brand","embeddable":true,"href":"https:\/\/b2b-armangroup.com\/fr\/wp-json\/wp\/v2\/product_brand?post=4833"},{"taxonomy":"product_cat","embeddable":true,"href":"https:\/\/b2b-armangroup.com\/fr\/wp-json\/wp\/v2\/product_cat?post=4833"},{"taxonomy":"product_tag","embeddable":true,"href":"https:\/\/b2b-armangroup.com\/fr\/wp-json\/wp\/v2\/product_tag?post=4833"}],"curies":[{"name":"wp","href":"https:\/\/api.w.org\/{rel}","templated":true}]}}