{"id":4843,"date":"2025-03-16T15:34:19","date_gmt":"2025-03-16T11:34:19","guid":{"rendered":"https:\/\/b2b-armangroup.com\/product\/imam-bayaldi-vilfood-525gr\/"},"modified":"2026-04-06T22:37:44","modified_gmt":"2026-04-06T18:37:44","slug":"imam-bayaldi-vilfood-525gr","status":"publish","type":"product","link":"https:\/\/b2b-armangroup.com\/fr\/produit\/imam-bayaldi-vilfood-525gr\/","title":{"rendered":"Vilfood \u2014 Imam Bayaldi \u2014 490 g"},"content":{"rendered":"","protected":false},"excerpt":{"rendered":"<p class=\"p1\">Vilfood Imam Bayaldi 525 g. Plat m\u00e9diterran\u00e9en traditionnel \u00e0 base d\u2019aubergines farcies de l\u00e9gumes et d\u2019herbes, lentement mijot\u00e9 dans l\u2019huile. Id\u00e9al en entr\u00e9e ou en accompagnement.<\/p>\n<p>2,80 \u20ac<\/p>","protected":false},"featured_media":16492,"comment_status":"open","ping_status":"closed","template":"","meta":{"_acf_changed":false},"product_brand":[],"product_cat":[176,198,212],"product_tag":[78],"class_list":{"0":"post-4843","1":"product","2":"type-product","3":"status-publish","4":"has-post-thumbnail","6":"product_cat-canned-goods","7":"product_cat-canned-vegetables-all-brands","8":"product_cat-vilfood","9":"product_tag-78","11":"first","12":"instock","13":"shipping-taxable","14":"purchasable","15":"product-type-variable","16":"wvs-archive-product-wrapper"},"acf":[],"_links":{"self":[{"href":"https:\/\/b2b-armangroup.com\/fr\/wp-json\/wp\/v2\/product\/4843","targetHints":{"allow":["GET"]}}],"collection":[{"href":"https:\/\/b2b-armangroup.com\/fr\/wp-json\/wp\/v2\/product"}],"about":[{"href":"https:\/\/b2b-armangroup.com\/fr\/wp-json\/wp\/v2\/types\/product"}],"replies":[{"embeddable":true,"href":"https:\/\/b2b-armangroup.com\/fr\/wp-json\/wp\/v2\/comments?post=4843"}],"version-history":[{"count":9,"href":"https:\/\/b2b-armangroup.com\/fr\/wp-json\/wp\/v2\/product\/4843\/revisions"}],"predecessor-version":[{"id":16060,"href":"https:\/\/b2b-armangroup.com\/fr\/wp-json\/wp\/v2\/product\/4843\/revisions\/16060"}],"wp:featuredmedia":[{"embeddable":true,"href":"https:\/\/b2b-armangroup.com\/fr\/wp-json\/wp\/v2\/media\/16492"}],"wp:attachment":[{"href":"https:\/\/b2b-armangroup.com\/fr\/wp-json\/wp\/v2\/media?parent=4843"}],"wp:term":[{"taxonomy":"product_brand","embeddable":true,"href":"https:\/\/b2b-armangroup.com\/fr\/wp-json\/wp\/v2\/product_brand?post=4843"},{"taxonomy":"product_cat","embeddable":true,"href":"https:\/\/b2b-armangroup.com\/fr\/wp-json\/wp\/v2\/product_cat?post=4843"},{"taxonomy":"product_tag","embeddable":true,"href":"https:\/\/b2b-armangroup.com\/fr\/wp-json\/wp\/v2\/product_tag?post=4843"}],"curies":[{"name":"wp","href":"https:\/\/api.w.org\/{rel}","templated":true}]}}