{"id":4864,"date":"2025-03-16T15:34:20","date_gmt":"2025-03-16T11:34:20","guid":{"rendered":"https:\/\/b2b-armangroup.com\/product\/instant-coffee-capucchino-boochino\/"},"modified":"2026-04-09T14:01:59","modified_gmt":"2026-04-09T10:01:59","slug":"instant-coffee-capucchino-boochino","status":"publish","type":"product","link":"https:\/\/b2b-armangroup.com\/fr\/produit\/instant-coffee-capucchino-boochino\/","title":{"rendered":"Royal Armenia Boochino Cappuccino Instantan\u00e9 \u2013 20g"},"content":{"rendered":"","protected":false},"excerpt":{"rendered":"<p class=\"p1 translation-block\">Le Boochino Cappuccino de Royal Armenia est un m\u00e9lange instantan\u00e9 alliant la saveur cr\u00e9meuse du cappuccino \u00e0 la richesse du caf\u00e9. Chaque sachet de 20g offre l\u2019\u00e9quilibre parfait entre lait, caf\u00e9 et douceur.<\/p>\n<p>4,90\u20ac per pack<\/p>","protected":false},"featured_media":10817,"comment_status":"open","ping_status":"closed","template":"","meta":{"_acf_changed":false},"product_brand":[],"product_cat":[179],"product_tag":[119],"class_list":{"0":"post-4864","1":"product","2":"type-product","3":"status-publish","4":"has-post-thumbnail","6":"product_cat-coffee-and-tea","7":"product_tag-119","9":"first","10":"instock","11":"shipping-taxable","12":"purchasable","13":"product-type-variable","14":"wvs-archive-product-wrapper"},"acf":[],"_links":{"self":[{"href":"https:\/\/b2b-armangroup.com\/fr\/wp-json\/wp\/v2\/product\/4864","targetHints":{"allow":["GET"]}}],"collection":[{"href":"https:\/\/b2b-armangroup.com\/fr\/wp-json\/wp\/v2\/product"}],"about":[{"href":"https:\/\/b2b-armangroup.com\/fr\/wp-json\/wp\/v2\/types\/product"}],"replies":[{"embeddable":true,"href":"https:\/\/b2b-armangroup.com\/fr\/wp-json\/wp\/v2\/comments?post=4864"}],"version-history":[{"count":5,"href":"https:\/\/b2b-armangroup.com\/fr\/wp-json\/wp\/v2\/product\/4864\/revisions"}],"predecessor-version":[{"id":16000,"href":"https:\/\/b2b-armangroup.com\/fr\/wp-json\/wp\/v2\/product\/4864\/revisions\/16000"}],"wp:featuredmedia":[{"embeddable":true,"href":"https:\/\/b2b-armangroup.com\/fr\/wp-json\/wp\/v2\/media\/10817"}],"wp:attachment":[{"href":"https:\/\/b2b-armangroup.com\/fr\/wp-json\/wp\/v2\/media?parent=4864"}],"wp:term":[{"taxonomy":"product_brand","embeddable":true,"href":"https:\/\/b2b-armangroup.com\/fr\/wp-json\/wp\/v2\/product_brand?post=4864"},{"taxonomy":"product_cat","embeddable":true,"href":"https:\/\/b2b-armangroup.com\/fr\/wp-json\/wp\/v2\/product_cat?post=4864"},{"taxonomy":"product_tag","embeddable":true,"href":"https:\/\/b2b-armangroup.com\/fr\/wp-json\/wp\/v2\/product_tag?post=4864"}],"curies":[{"name":"wp","href":"https:\/\/api.w.org\/{rel}","templated":true}]}}