{"id":4871,"date":"2025-03-16T15:34:21","date_gmt":"2025-03-16T11:34:21","guid":{"rendered":"https:\/\/b2b-armangroup.com\/product\/copy-of-instant-classic-coffee-royali-bu-20g\/"},"modified":"2026-03-11T13:59:43","modified_gmt":"2026-03-11T09:59:43","slug":"copy-of-instant-classic-coffee-royali-bu-20g","status":"publish","type":"product","link":"https:\/\/b2b-armangroup.com\/fr\/produit\/copy-of-instant-classic-coffee-royali-bu-20g\/","title":{"rendered":"Royal Armenia Bu Caf\u00e9 Instantan\u00e9 3en1 L\u00e9ger \u2013 20g"},"content":{"rendered":"","protected":false},"excerpt":{"rendered":"<p class=\"p1 translation-block\">Le Bu 3en1 L\u00e9ger de Royal Armenia est un m\u00e9lange instantan\u00e9 pour un go\u00fbt plus doux et l\u00e9ger. Caf\u00e9, sucre et cr\u00e8me harmonieusement m\u00e9lang\u00e9s pour une exp\u00e9rience plus l\u00e9g\u00e8re.<\/p>\n<p>4,20 \u20ac per pack<\/p>","protected":false},"featured_media":10811,"comment_status":"open","ping_status":"closed","template":"","meta":{"_acf_changed":false},"product_brand":[],"product_cat":[174,179],"product_tag":[80,119],"class_list":{"0":"post-4871","1":"product","2":"type-product","3":"status-publish","4":"has-post-thumbnail","6":"product_cat-all-collections","7":"product_cat-coffee-and-tea","8":"product_tag-80","9":"product_tag-119","11":"first","12":"instock","13":"shipping-taxable","14":"purchasable","15":"product-type-variable","16":"wvs-archive-product-wrapper"},"acf":[],"_links":{"self":[{"href":"https:\/\/b2b-armangroup.com\/fr\/wp-json\/wp\/v2\/product\/4871","targetHints":{"allow":["GET"]}}],"collection":[{"href":"https:\/\/b2b-armangroup.com\/fr\/wp-json\/wp\/v2\/product"}],"about":[{"href":"https:\/\/b2b-armangroup.com\/fr\/wp-json\/wp\/v2\/types\/product"}],"replies":[{"embeddable":true,"href":"https:\/\/b2b-armangroup.com\/fr\/wp-json\/wp\/v2\/comments?post=4871"}],"version-history":[{"count":6,"href":"https:\/\/b2b-armangroup.com\/fr\/wp-json\/wp\/v2\/product\/4871\/revisions"}],"predecessor-version":[{"id":13129,"href":"https:\/\/b2b-armangroup.com\/fr\/wp-json\/wp\/v2\/product\/4871\/revisions\/13129"}],"wp:featuredmedia":[{"embeddable":true,"href":"https:\/\/b2b-armangroup.com\/fr\/wp-json\/wp\/v2\/media\/10811"}],"wp:attachment":[{"href":"https:\/\/b2b-armangroup.com\/fr\/wp-json\/wp\/v2\/media?parent=4871"}],"wp:term":[{"taxonomy":"product_brand","embeddable":true,"href":"https:\/\/b2b-armangroup.com\/fr\/wp-json\/wp\/v2\/product_brand?post=4871"},{"taxonomy":"product_cat","embeddable":true,"href":"https:\/\/b2b-armangroup.com\/fr\/wp-json\/wp\/v2\/product_cat?post=4871"},{"taxonomy":"product_tag","embeddable":true,"href":"https:\/\/b2b-armangroup.com\/fr\/wp-json\/wp\/v2\/product_tag?post=4871"}],"curies":[{"name":"wp","href":"https:\/\/api.w.org\/{rel}","templated":true}]}}