{"id":4878,"date":"2025-03-16T15:34:21","date_gmt":"2025-03-16T11:34:21","guid":{"rendered":"https:\/\/b2b-armangroup.com\/product\/copy-of-instant-coffee-light-royali-bu-20g\/"},"modified":"2026-03-11T14:09:56","modified_gmt":"2026-03-11T10:09:56","slug":"copy-of-instant-coffee-light-royali-bu-20g","status":"publish","type":"product","link":"https:\/\/b2b-armangroup.com\/fr\/produit\/copy-of-instant-coffee-light-royali-bu-20g\/","title":{"rendered":"Royal Armenia Bu Caf\u00e9 Instantan\u00e9 3en1 Fort \u2013 20g"},"content":{"rendered":"","protected":false},"excerpt":{"rendered":"<p class=\"p1 translation-block\">Le Bu 3en1 Fort de Royal Armenia est un m\u00e9lange instantan\u00e9 avec un go\u00fbt plus intense, combinant caf\u00e9, sucre et cr\u00e8me. Parfait pour ceux qui pr\u00e9f\u00e8rent une saveur plus cors\u00e9e.<\/p>\n<p>4,20 \u20ac per pack<\/p>","protected":false},"featured_media":10813,"comment_status":"open","ping_status":"closed","template":"","meta":{"_acf_changed":false},"product_brand":[],"product_cat":[174,179],"product_tag":[80,119],"class_list":{"0":"post-4878","1":"product","2":"type-product","3":"status-publish","4":"has-post-thumbnail","6":"product_cat-all-collections","7":"product_cat-coffee-and-tea","8":"product_tag-80","9":"product_tag-119","11":"first","12":"instock","13":"shipping-taxable","14":"purchasable","15":"product-type-variable","16":"wvs-archive-product-wrapper"},"acf":[],"_links":{"self":[{"href":"https:\/\/b2b-armangroup.com\/fr\/wp-json\/wp\/v2\/product\/4878","targetHints":{"allow":["GET"]}}],"collection":[{"href":"https:\/\/b2b-armangroup.com\/fr\/wp-json\/wp\/v2\/product"}],"about":[{"href":"https:\/\/b2b-armangroup.com\/fr\/wp-json\/wp\/v2\/types\/product"}],"replies":[{"embeddable":true,"href":"https:\/\/b2b-armangroup.com\/fr\/wp-json\/wp\/v2\/comments?post=4878"}],"version-history":[{"count":4,"href":"https:\/\/b2b-armangroup.com\/fr\/wp-json\/wp\/v2\/product\/4878\/revisions"}],"predecessor-version":[{"id":15999,"href":"https:\/\/b2b-armangroup.com\/fr\/wp-json\/wp\/v2\/product\/4878\/revisions\/15999"}],"wp:featuredmedia":[{"embeddable":true,"href":"https:\/\/b2b-armangroup.com\/fr\/wp-json\/wp\/v2\/media\/10813"}],"wp:attachment":[{"href":"https:\/\/b2b-armangroup.com\/fr\/wp-json\/wp\/v2\/media?parent=4878"}],"wp:term":[{"taxonomy":"product_brand","embeddable":true,"href":"https:\/\/b2b-armangroup.com\/fr\/wp-json\/wp\/v2\/product_brand?post=4878"},{"taxonomy":"product_cat","embeddable":true,"href":"https:\/\/b2b-armangroup.com\/fr\/wp-json\/wp\/v2\/product_cat?post=4878"},{"taxonomy":"product_tag","embeddable":true,"href":"https:\/\/b2b-armangroup.com\/fr\/wp-json\/wp\/v2\/product_tag?post=4878"}],"curies":[{"name":"wp","href":"https:\/\/api.w.org\/{rel}","templated":true}]}}