{"id":4973,"date":"2025-03-16T15:34:25","date_gmt":"2025-03-16T11:34:25","guid":{"rendered":"https:\/\/b2b-armangroup.com\/product\/%d6%84%d5%b5%d5%b8%d6%82%d6%86%d5%a9%d5%a1-%d5%b0%d5%a1%d5%b5%d5%af%d5%a1%d5%af%d5%a1%d5%b6-%d5%a1%d5%be%d5%a1%d5%b6%d5%a4%d5%a1%d5%af%d5%a1%d5%b6-1-%d5%af%d5%a3\/"},"modified":"2025-12-21T12:24:50","modified_gmt":"2025-12-21T08:24:50","slug":"%d6%84%d5%b5%d5%b8%d6%82%d6%86%d5%a9%d5%a1-%d5%b0%d5%a1%d5%b5%d5%af%d5%a1%d5%af%d5%a1%d5%b6-%d5%a1%d5%be%d5%a1%d5%b6%d5%a4%d5%a1%d5%af%d5%a1%d5%b6-1-%d5%af%d5%a3","status":"publish","type":"product","link":"https:\/\/b2b-armangroup.com\/fr\/produit\/%d6%84%d5%b5%d5%b8%d6%82%d6%86%d5%a9%d5%a1-%d5%b0%d5%a1%d5%b5%d5%af%d5%a1%d5%af%d5%a1%d5%b6-%d5%a1%d5%be%d5%a1%d5%b6%d5%a4%d5%a1%d5%af%d5%a1%d5%b6-1-%d5%af%d5%a3\/","title":{"rendered":"Kyufta arm\u00e9nien traditionnel 1 kg"},"content":{"rendered":"","protected":false},"excerpt":{"rendered":"<p class=\"p1\">Kyufte arm\u00e9nien traditionnel, pr\u00e9par\u00e9 avec de la viande finement hach\u00e9e, des \u00e9pices et des herbes. Plat festif classique, servi chaud ou froid. Paquet de 1kg.<\/p>\n<p>13,50 \u20ac per kg<\/p>","protected":false},"featured_media":6715,"comment_status":"open","ping_status":"closed","template":"","meta":{"_acf_changed":false},"product_brand":[],"product_cat":[174,175,229,233],"product_tag":[80,138],"class_list":{"0":"post-4973","1":"product","2":"type-product","3":"status-publish","4":"has-post-thumbnail","6":"product_cat-all-collections","7":"product_cat-basturma-sujukh-khash-qyufta-lavash-ghavourma","8":"product_cat-meat-products","9":"product_cat-qyufta","10":"product_tag-80","11":"product_tag-138","13":"first","14":"outofstock","15":"shipping-taxable","16":"purchasable","17":"product-type-variable","18":"wvs-archive-product-wrapper"},"acf":[],"_links":{"self":[{"href":"https:\/\/b2b-armangroup.com\/fr\/wp-json\/wp\/v2\/product\/4973","targetHints":{"allow":["GET"]}}],"collection":[{"href":"https:\/\/b2b-armangroup.com\/fr\/wp-json\/wp\/v2\/product"}],"about":[{"href":"https:\/\/b2b-armangroup.com\/fr\/wp-json\/wp\/v2\/types\/product"}],"replies":[{"embeddable":true,"href":"https:\/\/b2b-armangroup.com\/fr\/wp-json\/wp\/v2\/comments?post=4973"}],"version-history":[{"count":6,"href":"https:\/\/b2b-armangroup.com\/fr\/wp-json\/wp\/v2\/product\/4973\/revisions"}],"predecessor-version":[{"id":15280,"href":"https:\/\/b2b-armangroup.com\/fr\/wp-json\/wp\/v2\/product\/4973\/revisions\/15280"}],"wp:featuredmedia":[{"embeddable":true,"href":"https:\/\/b2b-armangroup.com\/fr\/wp-json\/wp\/v2\/media\/6715"}],"wp:attachment":[{"href":"https:\/\/b2b-armangroup.com\/fr\/wp-json\/wp\/v2\/media?parent=4973"}],"wp:term":[{"taxonomy":"product_brand","embeddable":true,"href":"https:\/\/b2b-armangroup.com\/fr\/wp-json\/wp\/v2\/product_brand?post=4973"},{"taxonomy":"product_cat","embeddable":true,"href":"https:\/\/b2b-armangroup.com\/fr\/wp-json\/wp\/v2\/product_cat?post=4973"},{"taxonomy":"product_tag","embeddable":true,"href":"https:\/\/b2b-armangroup.com\/fr\/wp-json\/wp\/v2\/product_tag?post=4973"}],"curies":[{"name":"wp","href":"https:\/\/api.w.org\/{rel}","templated":true}]}}