{"id":5017,"date":"2025-03-16T15:34:27","date_gmt":"2025-03-16T11:34:27","guid":{"rendered":"https:\/\/b2b-armangroup.com\/product\/lapsha-melograno-400g\/"},"modified":"2025-11-22T15:52:06","modified_gmt":"2025-11-22T11:52:06","slug":"lapsha-melograno-400g","status":"publish","type":"product","link":"https:\/\/b2b-armangroup.com\/fr\/produit\/lapsha-melograno-400g\/","title":{"rendered":"Lapsha Melograno 400g"},"content":{"rendered":"","protected":false},"excerpt":{"rendered":"<p class=\"p1\">Nouilles arm\u00e9niennes traditionnelles aux \u0153ufs, fabriqu\u00e9es \u00e0 partir de semoule de bl\u00e9 dur. Fines et polyvalentes, id\u00e9ales pour les soupes, les saut\u00e9s ou en accompagnement. Poids net : 400g.<\/p>\n<p>2,20 \u20ac per box<\/p>","protected":false},"featured_media":14787,"comment_status":"open","ping_status":"closed","template":"","meta":{"_acf_changed":false},"product_brand":[],"product_cat":[174,207],"product_tag":[97],"class_list":{"0":"post-5017","1":"product","2":"type-product","3":"status-publish","4":"has-post-thumbnail","6":"product_cat-all-collections","7":"product_cat-pasta","8":"product_tag-pasta","10":"first","11":"outofstock","12":"shipping-taxable","13":"purchasable","14":"product-type-variable","15":"wvs-archive-product-wrapper"},"acf":[],"_links":{"self":[{"href":"https:\/\/b2b-armangroup.com\/fr\/wp-json\/wp\/v2\/product\/5017","targetHints":{"allow":["GET"]}}],"collection":[{"href":"https:\/\/b2b-armangroup.com\/fr\/wp-json\/wp\/v2\/product"}],"about":[{"href":"https:\/\/b2b-armangroup.com\/fr\/wp-json\/wp\/v2\/types\/product"}],"replies":[{"embeddable":true,"href":"https:\/\/b2b-armangroup.com\/fr\/wp-json\/wp\/v2\/comments?post=5017"}],"version-history":[{"count":3,"href":"https:\/\/b2b-armangroup.com\/fr\/wp-json\/wp\/v2\/product\/5017\/revisions"}],"predecessor-version":[{"id":13232,"href":"https:\/\/b2b-armangroup.com\/fr\/wp-json\/wp\/v2\/product\/5017\/revisions\/13232"}],"wp:featuredmedia":[{"embeddable":true,"href":"https:\/\/b2b-armangroup.com\/fr\/wp-json\/wp\/v2\/media\/14787"}],"wp:attachment":[{"href":"https:\/\/b2b-armangroup.com\/fr\/wp-json\/wp\/v2\/media?parent=5017"}],"wp:term":[{"taxonomy":"product_brand","embeddable":true,"href":"https:\/\/b2b-armangroup.com\/fr\/wp-json\/wp\/v2\/product_brand?post=5017"},{"taxonomy":"product_cat","embeddable":true,"href":"https:\/\/b2b-armangroup.com\/fr\/wp-json\/wp\/v2\/product_cat?post=5017"},{"taxonomy":"product_tag","embeddable":true,"href":"https:\/\/b2b-armangroup.com\/fr\/wp-json\/wp\/v2\/product_tag?post=5017"}],"curies":[{"name":"wp","href":"https:\/\/api.w.org\/{rel}","templated":true}]}}