{"id":5039,"date":"2025-03-16T15:34:28","date_gmt":"2025-03-16T11:34:28","guid":{"rendered":"https:\/\/b2b-armangroup.com\/product\/lavash-garni-6pcs\/"},"modified":"2025-12-02T21:51:33","modified_gmt":"2025-12-02T17:51:33","slug":"lavash-garni-6pcs","status":"publish","type":"product","link":"https:\/\/b2b-armangroup.com\/fr\/produit\/lavash-garni-6pcs\/","title":{"rendered":"Lavash Garni \u2013 5 pi\u00e8ces (600g)"},"content":{"rendered":"","protected":false},"excerpt":{"rendered":"<p class=\"p1\">Lavash traditionnel arm\u00e9nien de Garni. Pain plat fin, souple, sans levure, pr\u00e9par\u00e9 avec de la farine de bl\u00e9, de l\u2019eau et du sel. Sans conservateurs ni additifs artificiels. Emballage de 5 feuilles, 600g.<\/p>\n<p>4,50 \u20ac<\/p>","protected":false},"featured_media":15099,"comment_status":"open","ping_status":"closed","template":"","meta":{"_acf_changed":false},"product_brand":[],"product_cat":[205],"product_tag":[139],"class_list":{"0":"post-5039","1":"product","2":"type-product","3":"status-publish","4":"has-post-thumbnail","6":"product_cat-lavash","7":"product_tag-139","9":"first","10":"instock","11":"shipping-taxable","12":"purchasable","13":"product-type-variable","14":"wvs-archive-product-wrapper"},"acf":[],"_links":{"self":[{"href":"https:\/\/b2b-armangroup.com\/fr\/wp-json\/wp\/v2\/product\/5039","targetHints":{"allow":["GET"]}}],"collection":[{"href":"https:\/\/b2b-armangroup.com\/fr\/wp-json\/wp\/v2\/product"}],"about":[{"href":"https:\/\/b2b-armangroup.com\/fr\/wp-json\/wp\/v2\/types\/product"}],"replies":[{"embeddable":true,"href":"https:\/\/b2b-armangroup.com\/fr\/wp-json\/wp\/v2\/comments?post=5039"}],"version-history":[{"count":7,"href":"https:\/\/b2b-armangroup.com\/fr\/wp-json\/wp\/v2\/product\/5039\/revisions"}],"predecessor-version":[{"id":15100,"href":"https:\/\/b2b-armangroup.com\/fr\/wp-json\/wp\/v2\/product\/5039\/revisions\/15100"}],"wp:featuredmedia":[{"embeddable":true,"href":"https:\/\/b2b-armangroup.com\/fr\/wp-json\/wp\/v2\/media\/15099"}],"wp:attachment":[{"href":"https:\/\/b2b-armangroup.com\/fr\/wp-json\/wp\/v2\/media?parent=5039"}],"wp:term":[{"taxonomy":"product_brand","embeddable":true,"href":"https:\/\/b2b-armangroup.com\/fr\/wp-json\/wp\/v2\/product_brand?post=5039"},{"taxonomy":"product_cat","embeddable":true,"href":"https:\/\/b2b-armangroup.com\/fr\/wp-json\/wp\/v2\/product_cat?post=5039"},{"taxonomy":"product_tag","embeddable":true,"href":"https:\/\/b2b-armangroup.com\/fr\/wp-json\/wp\/v2\/product_tag?post=5039"}],"curies":[{"name":"wp","href":"https:\/\/api.w.org\/{rel}","templated":true}]}}