{"id":5050,"date":"2025-03-16T15:34:28","date_gmt":"2025-03-16T11:34:28","guid":{"rendered":"https:\/\/b2b-armangroup.com\/product\/lavash-sevani-5pcs\/"},"modified":"2025-12-07T06:27:37","modified_gmt":"2025-12-07T02:27:37","slug":"lavash-sevani-5pcs","status":"publish","type":"product","link":"https:\/\/b2b-armangroup.com\/fr\/produit\/lavash-sevani-5pcs\/","title":{"rendered":"Pain Pita S\u00e9v"},"content":{"rendered":"","protected":false},"excerpt":{"rendered":"<p class=\"p1\">Lavash arm\u00e9nien authentique, produit \u00e0 Sevan. Pain plat fin et souple, sans levure, \u00e0 base de farine de bl\u00e9, d\u2019eau et de sel. Naturellement conserv\u00e9, sans additifs. Emballage d\u2019environ 5 grandes feuilles, 1kg.<\/p>\n<p>4,25\u20ac le pack<\/p>","protected":false},"featured_media":15097,"comment_status":"open","ping_status":"closed","template":"","meta":{"_acf_changed":false},"product_brand":[],"product_cat":[174,205,228],"product_tag":[139],"class_list":{"0":"post-5050","1":"product","2":"type-product","3":"status-publish","4":"has-post-thumbnail","6":"product_cat-all-collections","7":"product_cat-lavash","8":"product_cat-wheat-products","9":"product_tag-139","11":"first","12":"instock","13":"shipping-taxable","14":"purchasable","15":"product-type-variable","16":"wvs-archive-product-wrapper"},"acf":[],"_links":{"self":[{"href":"https:\/\/b2b-armangroup.com\/fr\/wp-json\/wp\/v2\/product\/5050","targetHints":{"allow":["GET"]}}],"collection":[{"href":"https:\/\/b2b-armangroup.com\/fr\/wp-json\/wp\/v2\/product"}],"about":[{"href":"https:\/\/b2b-armangroup.com\/fr\/wp-json\/wp\/v2\/types\/product"}],"replies":[{"embeddable":true,"href":"https:\/\/b2b-armangroup.com\/fr\/wp-json\/wp\/v2\/comments?post=5050"}],"version-history":[{"count":11,"href":"https:\/\/b2b-armangroup.com\/fr\/wp-json\/wp\/v2\/product\/5050\/revisions"}],"predecessor-version":[{"id":15098,"href":"https:\/\/b2b-armangroup.com\/fr\/wp-json\/wp\/v2\/product\/5050\/revisions\/15098"}],"wp:featuredmedia":[{"embeddable":true,"href":"https:\/\/b2b-armangroup.com\/fr\/wp-json\/wp\/v2\/media\/15097"}],"wp:attachment":[{"href":"https:\/\/b2b-armangroup.com\/fr\/wp-json\/wp\/v2\/media?parent=5050"}],"wp:term":[{"taxonomy":"product_brand","embeddable":true,"href":"https:\/\/b2b-armangroup.com\/fr\/wp-json\/wp\/v2\/product_brand?post=5050"},{"taxonomy":"product_cat","embeddable":true,"href":"https:\/\/b2b-armangroup.com\/fr\/wp-json\/wp\/v2\/product_cat?post=5050"},{"taxonomy":"product_tag","embeddable":true,"href":"https:\/\/b2b-armangroup.com\/fr\/wp-json\/wp\/v2\/product_tag?post=5050"}],"curies":[{"name":"wp","href":"https:\/\/api.w.org\/{rel}","templated":true}]}}