{"id":5084,"date":"2025-03-16T15:34:30","date_gmt":"2025-03-16T11:34:30","guid":{"rendered":"https:\/\/b2b-armangroup.com\/product\/%d5%ac%d5%a5%d5%b9%d5%b8-%d5%ac%d5%b8%d5%ac%d5%ab%d5%af%d5%ab-%d5%bc%d5%b8%d5%b5%d5%a1%d5%ac-650%d5%a3\/"},"modified":"2026-03-24T22:36:37","modified_gmt":"2026-03-24T18:36:37","slug":"%d5%ac%d5%a5%d5%b9%d5%b8-%d5%ac%d5%b8%d5%ac%d5%ab%d5%af%d5%ab-%d5%bc%d5%b8%d5%b5%d5%a1%d5%ac-650%d5%a3","status":"publish","type":"product","link":"https:\/\/b2b-armangroup.com\/fr\/produit\/%d5%ac%d5%a5%d5%b9%d5%b8-%d5%ac%d5%b8%d5%ac%d5%ab%d5%af%d5%ab-%d5%bc%d5%b8%d5%b5%d5%a1%d5%ac-650%d5%a3\/","title":{"rendered":"Royal - Lecho - 650g"},"content":{"rendered":"","protected":false},"excerpt":{"rendered":"<p class=\"p1\">Royal Lecho 650 g. Rago\u00fbt de l\u00e9gumes traditionnel \u00e0 base de tomates, poivrons et oignons. Un accompagnement ou une sauce l\u00e9g\u00e8re et savoureuse, parfaite avec les viandes et les c\u00e9r\u00e9ales.<\/p>\n<p>3,20 \u20ac<\/p>","protected":false},"featured_media":16257,"comment_status":"open","ping_status":"closed","template":"","meta":{"_acf_changed":false},"product_brand":[],"product_cat":[174,176,198,209],"product_tag":[78,140,80],"class_list":{"0":"post-5084","1":"product","2":"type-product","3":"status-publish","4":"has-post-thumbnail","6":"product_cat-all-collections","7":"product_cat-canned-goods","8":"product_cat-canned-vegetables-all-brands","9":"product_cat-royal","10":"product_tag-78","11":"product_tag-140","12":"product_tag-80","14":"first","15":"instock","16":"shipping-taxable","17":"purchasable","18":"product-type-variable","19":"wvs-archive-product-wrapper"},"acf":[],"_links":{"self":[{"href":"https:\/\/b2b-armangroup.com\/fr\/wp-json\/wp\/v2\/product\/5084","targetHints":{"allow":["GET"]}}],"collection":[{"href":"https:\/\/b2b-armangroup.com\/fr\/wp-json\/wp\/v2\/product"}],"about":[{"href":"https:\/\/b2b-armangroup.com\/fr\/wp-json\/wp\/v2\/types\/product"}],"replies":[{"embeddable":true,"href":"https:\/\/b2b-armangroup.com\/fr\/wp-json\/wp\/v2\/comments?post=5084"}],"version-history":[{"count":6,"href":"https:\/\/b2b-armangroup.com\/fr\/wp-json\/wp\/v2\/product\/5084\/revisions"}],"predecessor-version":[{"id":16273,"href":"https:\/\/b2b-armangroup.com\/fr\/wp-json\/wp\/v2\/product\/5084\/revisions\/16273"}],"wp:featuredmedia":[{"embeddable":true,"href":"https:\/\/b2b-armangroup.com\/fr\/wp-json\/wp\/v2\/media\/16257"}],"wp:attachment":[{"href":"https:\/\/b2b-armangroup.com\/fr\/wp-json\/wp\/v2\/media?parent=5084"}],"wp:term":[{"taxonomy":"product_brand","embeddable":true,"href":"https:\/\/b2b-armangroup.com\/fr\/wp-json\/wp\/v2\/product_brand?post=5084"},{"taxonomy":"product_cat","embeddable":true,"href":"https:\/\/b2b-armangroup.com\/fr\/wp-json\/wp\/v2\/product_cat?post=5084"},{"taxonomy":"product_tag","embeddable":true,"href":"https:\/\/b2b-armangroup.com\/fr\/wp-json\/wp\/v2\/product_tag?post=5084"}],"curies":[{"name":"wp","href":"https:\/\/api.w.org\/{rel}","templated":true}]}}