{"id":5197,"date":"2025-03-16T15:34:35","date_gmt":"2025-03-16T11:34:35","guid":{"rendered":"https:\/\/b2b-armangroup.com\/product\/%d5%b4%d5%a1%d6%80%d5%ab%d5%b6%d5%a1%d5%a4-%d5%a1%d5%bd%d5%b8%d6%80%d5%bf%d5%ab-%d5%bc%d5%b8%d5%b5%d5%a1%d5%ac-950%d5%a3\/"},"modified":"2026-03-24T22:41:08","modified_gmt":"2026-03-24T18:41:08","slug":"%d5%b4%d5%a1%d6%80%d5%ab%d5%b6%d5%a1%d5%a4-%d5%a1%d5%bd%d5%b8%d6%80%d5%bf%d5%ab-%d5%bc%d5%b8%d5%b5%d5%a1%d5%ac-950%d5%a3","status":"publish","type":"product","link":"https:\/\/b2b-armangroup.com\/fr\/produit\/%d5%b4%d5%a1%d6%80%d5%ab%d5%b6%d5%a1%d5%a4-%d5%a1%d5%bd%d5%b8%d6%80%d5%bf%d5%ab-%d5%bc%d5%b8%d5%b5%d5%a1%d5%ac-950%d5%a3\/","title":{"rendered":"Royal - Marinade assortie - 950g"},"content":{"rendered":"","protected":false},"excerpt":{"rendered":"<p class=\"p1\">Royal L\u00e9gumes marin\u00e9s assortis 950 g. D\u00e9licieuse s\u00e9lection de l\u00e9gumes marin\u00e9s \u2014 chou-fleur, concombres, carottes et poivrons \u2014 conserv\u00e9s dans une saumure naturelle aux herbes aromatiques. Croquants et savoureux.<\/p>\n<p>3,30 \u20ac<\/p>","protected":false},"featured_media":16253,"comment_status":"open","ping_status":"closed","template":"","meta":{"_acf_changed":false},"product_brand":[],"product_cat":[174,176,198,209],"product_tag":[78,80,121],"class_list":{"0":"post-5197","1":"product","2":"type-product","3":"status-publish","4":"has-post-thumbnail","6":"product_cat-all-collections","7":"product_cat-canned-goods","8":"product_cat-canned-vegetables-all-brands","9":"product_cat-royal","10":"product_tag-78","11":"product_tag-80","12":"product_tag-121","14":"first","15":"instock","16":"shipping-taxable","17":"purchasable","18":"product-type-variable","19":"wvs-archive-product-wrapper"},"acf":[],"_links":{"self":[{"href":"https:\/\/b2b-armangroup.com\/fr\/wp-json\/wp\/v2\/product\/5197","targetHints":{"allow":["GET"]}}],"collection":[{"href":"https:\/\/b2b-armangroup.com\/fr\/wp-json\/wp\/v2\/product"}],"about":[{"href":"https:\/\/b2b-armangroup.com\/fr\/wp-json\/wp\/v2\/types\/product"}],"replies":[{"embeddable":true,"href":"https:\/\/b2b-armangroup.com\/fr\/wp-json\/wp\/v2\/comments?post=5197"}],"version-history":[{"count":4,"href":"https:\/\/b2b-armangroup.com\/fr\/wp-json\/wp\/v2\/product\/5197\/revisions"}],"predecessor-version":[{"id":13557,"href":"https:\/\/b2b-armangroup.com\/fr\/wp-json\/wp\/v2\/product\/5197\/revisions\/13557"}],"wp:featuredmedia":[{"embeddable":true,"href":"https:\/\/b2b-armangroup.com\/fr\/wp-json\/wp\/v2\/media\/16253"}],"wp:attachment":[{"href":"https:\/\/b2b-armangroup.com\/fr\/wp-json\/wp\/v2\/media?parent=5197"}],"wp:term":[{"taxonomy":"product_brand","embeddable":true,"href":"https:\/\/b2b-armangroup.com\/fr\/wp-json\/wp\/v2\/product_brand?post=5197"},{"taxonomy":"product_cat","embeddable":true,"href":"https:\/\/b2b-armangroup.com\/fr\/wp-json\/wp\/v2\/product_cat?post=5197"},{"taxonomy":"product_tag","embeddable":true,"href":"https:\/\/b2b-armangroup.com\/fr\/wp-json\/wp\/v2\/product_tag?post=5197"}],"curies":[{"name":"wp","href":"https:\/\/api.w.org\/{rel}","templated":true}]}}