{"id":5299,"date":"2025-03-16T15:34:40","date_gmt":"2025-03-16T11:34:40","guid":{"rendered":"https:\/\/b2b-armangroup.com\/product\/marinated-sindrik-vilfood-720ml\/"},"modified":"2026-04-06T22:06:07","modified_gmt":"2026-04-06T18:06:07","slug":"marinated-sindrik-vilfood-720ml","status":"publish","type":"product","link":"https:\/\/b2b-armangroup.com\/fr\/produit\/marinated-sindrik-vilfood-720ml\/","title":{"rendered":"Vilfood - Sindrik marin\u00e9 - 720g"},"content":{"rendered":"","protected":false},"excerpt":{"rendered":"<p class=\"p1\">Vilfood Sindrik marin\u00e9 720 g. Haricots verts arm\u00e9niens marin\u00e9s avec des herbes, de l\u2019ail et une touche de vinaigre pour un go\u00fbt frais et acidul\u00e9. Id\u00e9al pour les salades, les plats froids ou en accompagnement de viandes grill\u00e9es.<\/p>\n<p>3,99 \u20ac<\/p>","protected":false},"featured_media":16486,"comment_status":"open","ping_status":"closed","template":"","meta":{"_acf_changed":false},"product_brand":[],"product_cat":[174,176,198,212],"product_tag":[78],"class_list":{"0":"post-5299","1":"product","2":"type-product","3":"status-publish","4":"has-post-thumbnail","6":"product_cat-all-collections","7":"product_cat-canned-goods","8":"product_cat-canned-vegetables-all-brands","9":"product_cat-vilfood","10":"product_tag-78","12":"first","13":"instock","14":"shipping-taxable","15":"purchasable","16":"product-type-variable","17":"wvs-archive-product-wrapper"},"acf":[],"_links":{"self":[{"href":"https:\/\/b2b-armangroup.com\/fr\/wp-json\/wp\/v2\/product\/5299","targetHints":{"allow":["GET"]}}],"collection":[{"href":"https:\/\/b2b-armangroup.com\/fr\/wp-json\/wp\/v2\/product"}],"about":[{"href":"https:\/\/b2b-armangroup.com\/fr\/wp-json\/wp\/v2\/types\/product"}],"replies":[{"embeddable":true,"href":"https:\/\/b2b-armangroup.com\/fr\/wp-json\/wp\/v2\/comments?post=5299"}],"version-history":[{"count":4,"href":"https:\/\/b2b-armangroup.com\/fr\/wp-json\/wp\/v2\/product\/5299\/revisions"}],"predecessor-version":[{"id":13536,"href":"https:\/\/b2b-armangroup.com\/fr\/wp-json\/wp\/v2\/product\/5299\/revisions\/13536"}],"wp:featuredmedia":[{"embeddable":true,"href":"https:\/\/b2b-armangroup.com\/fr\/wp-json\/wp\/v2\/media\/16486"}],"wp:attachment":[{"href":"https:\/\/b2b-armangroup.com\/fr\/wp-json\/wp\/v2\/media?parent=5299"}],"wp:term":[{"taxonomy":"product_brand","embeddable":true,"href":"https:\/\/b2b-armangroup.com\/fr\/wp-json\/wp\/v2\/product_brand?post=5299"},{"taxonomy":"product_cat","embeddable":true,"href":"https:\/\/b2b-armangroup.com\/fr\/wp-json\/wp\/v2\/product_cat?post=5299"},{"taxonomy":"product_tag","embeddable":true,"href":"https:\/\/b2b-armangroup.com\/fr\/wp-json\/wp\/v2\/product_tag?post=5299"}],"curies":[{"name":"wp","href":"https:\/\/api.w.org\/{rel}","templated":true}]}}