{"id":5352,"date":"2025-03-16T15:34:42","date_gmt":"2025-03-16T11:34:42","guid":{"rendered":"https:\/\/b2b-armangroup.com\/product\/%d5%b4%d5%a1%d5%bc%d5%ac%d5%a5%d5%b6%d5%af%d5%a1-%d5%bf%d5%b8%d5%b6%d5%a1%d5%af%d5%a1%d5%b6-%d5%bf%d5%b8%d6%80%d5%a9-800%d5%a3\/"},"modified":"2025-10-12T14:41:10","modified_gmt":"2025-10-12T10:41:10","slug":"%d5%b4%d5%a1%d5%bc%d5%ac%d5%a5%d5%b6%d5%af%d5%a1-%d5%bf%d5%b8%d5%b6%d5%a1%d5%af%d5%a1%d5%b6-%d5%bf%d5%b8%d6%80%d5%a9-800%d5%a3","status":"publish","type":"product","link":"https:\/\/b2b-armangroup.com\/fr\/produit\/%d5%b4%d5%a1%d5%bc%d5%ac%d5%a5%d5%b6%d5%af%d5%a1-%d5%bf%d5%b8%d5%b6%d5%a1%d5%af%d5%a1%d5%b6-%d5%bf%d5%b8%d6%80%d5%a9-800%d5%a3\/","title":{"rendered":"Marlenka \u2014 G\u00e2teau de c\u00e9l\u00e9bration 800 g"},"content":{"rendered":"","protected":false},"excerpt":{"rendered":"<p class=\"p1\">Marlenka G\u00e2teau de c\u00e9l\u00e9bration 800 g. G\u00e2teau au miel \u00e0 plusieurs couches, garni d\u2019une cr\u00e8me au caramel onctueuse et d\u00e9cor\u00e9 de chocolat et de noix concass\u00e9es. Id\u00e9al pour les anniversaires, f\u00eates et occasions sp\u00e9ciales. Pr\u00e9par\u00e9 \u00e0 la main selon des recettes traditionnelles. Format : 800 g.<\/p>\n<p>8,99 \u20ac<\/p>","protected":false},"featured_media":13354,"comment_status":"open","ping_status":"closed","template":"","meta":{"_acf_changed":false},"product_brand":[],"product_cat":[174,185],"product_tag":[91,80],"class_list":{"0":"post-5352","1":"product","2":"type-product","3":"status-publish","4":"has-post-thumbnail","6":"product_cat-all-collections","7":"product_cat-marlenka","8":"product_tag-91","9":"product_tag-80","11":"first","12":"outofstock","13":"shipping-taxable","14":"purchasable","15":"product-type-variable","16":"wvs-archive-product-wrapper"},"acf":[],"_links":{"self":[{"href":"https:\/\/b2b-armangroup.com\/fr\/wp-json\/wp\/v2\/product\/5352","targetHints":{"allow":["GET"]}}],"collection":[{"href":"https:\/\/b2b-armangroup.com\/fr\/wp-json\/wp\/v2\/product"}],"about":[{"href":"https:\/\/b2b-armangroup.com\/fr\/wp-json\/wp\/v2\/types\/product"}],"replies":[{"embeddable":true,"href":"https:\/\/b2b-armangroup.com\/fr\/wp-json\/wp\/v2\/comments?post=5352"}],"version-history":[{"count":2,"href":"https:\/\/b2b-armangroup.com\/fr\/wp-json\/wp\/v2\/product\/5352\/revisions"}],"predecessor-version":[{"id":13355,"href":"https:\/\/b2b-armangroup.com\/fr\/wp-json\/wp\/v2\/product\/5352\/revisions\/13355"}],"wp:featuredmedia":[{"embeddable":true,"href":"https:\/\/b2b-armangroup.com\/fr\/wp-json\/wp\/v2\/media\/13354"}],"wp:attachment":[{"href":"https:\/\/b2b-armangroup.com\/fr\/wp-json\/wp\/v2\/media?parent=5352"}],"wp:term":[{"taxonomy":"product_brand","embeddable":true,"href":"https:\/\/b2b-armangroup.com\/fr\/wp-json\/wp\/v2\/product_brand?post=5352"},{"taxonomy":"product_cat","embeddable":true,"href":"https:\/\/b2b-armangroup.com\/fr\/wp-json\/wp\/v2\/product_cat?post=5352"},{"taxonomy":"product_tag","embeddable":true,"href":"https:\/\/b2b-armangroup.com\/fr\/wp-json\/wp\/v2\/product_tag?post=5352"}],"curies":[{"name":"wp","href":"https:\/\/api.w.org\/{rel}","templated":true}]}}