{"id":5363,"date":"2025-03-16T15:34:42","date_gmt":"2025-03-16T11:34:42","guid":{"rendered":"https:\/\/b2b-armangroup.com\/product\/%d5%b4%d5%a1%d5%bc%d5%ac%d5%a5%d5%b6%d5%af%d5%a1-%d5%b7%d5%b8%d5%af%d5%b8%d5%ac%d5%a1%d5%a4%d5%a5-%d5%bf%d5%b8%d6%80%d5%a9-800%d5%a3\/"},"modified":"2025-10-12T13:25:11","modified_gmt":"2025-10-12T09:25:11","slug":"%d5%b4%d5%a1%d5%bc%d5%ac%d5%a5%d5%b6%d5%af%d5%a1-%d5%b7%d5%b8%d5%af%d5%b8%d5%ac%d5%a1%d5%a4%d5%a5-%d5%bf%d5%b8%d6%80%d5%a9-800%d5%a3","status":"publish","type":"product","link":"https:\/\/b2b-armangroup.com\/fr\/produit\/%d5%b4%d5%a1%d5%bc%d5%ac%d5%a5%d5%b6%d5%af%d5%a1-%d5%b7%d5%b8%d5%af%d5%b8%d5%ac%d5%a1%d5%a4%d5%a5-%d5%bf%d5%b8%d6%80%d5%a9-800%d5%a3\/","title":{"rendered":"Marlenka \u2014 G\u00e2teau au chocolat 800 g"},"content":{"rendered":"","protected":false},"excerpt":{"rendered":"<p class=\"p1\">Marlenka G\u00e2teau au chocolat 800 g. G\u00e2teau au miel \u00e0 plusieurs couches avec cacao naturel et cr\u00e8me, inspir\u00e9 d\u2019une recette familiale arm\u00e9nienne traditionnelle. Moelleux, raffin\u00e9 et intens\u00e9ment savoureux. Format : 800 g.<\/p>\n<p>9,68 \u20ac<\/p>","protected":false},"featured_media":7382,"comment_status":"open","ping_status":"closed","template":"","meta":{"_acf_changed":false},"product_brand":[],"product_cat":[174,185],"product_tag":[91,80],"class_list":{"0":"post-5363","1":"product","2":"type-product","3":"status-publish","4":"has-post-thumbnail","6":"product_cat-all-collections","7":"product_cat-marlenka","8":"product_tag-91","9":"product_tag-80","11":"first","12":"instock","13":"shipping-taxable","14":"purchasable","15":"product-type-variable","16":"wvs-archive-product-wrapper"},"acf":[],"_links":{"self":[{"href":"https:\/\/b2b-armangroup.com\/fr\/wp-json\/wp\/v2\/product\/5363","targetHints":{"allow":["GET"]}}],"collection":[{"href":"https:\/\/b2b-armangroup.com\/fr\/wp-json\/wp\/v2\/product"}],"about":[{"href":"https:\/\/b2b-armangroup.com\/fr\/wp-json\/wp\/v2\/types\/product"}],"replies":[{"embeddable":true,"href":"https:\/\/b2b-armangroup.com\/fr\/wp-json\/wp\/v2\/comments?post=5363"}],"version-history":[{"count":3,"href":"https:\/\/b2b-armangroup.com\/fr\/wp-json\/wp\/v2\/product\/5363\/revisions"}],"predecessor-version":[{"id":13320,"href":"https:\/\/b2b-armangroup.com\/fr\/wp-json\/wp\/v2\/product\/5363\/revisions\/13320"}],"wp:featuredmedia":[{"embeddable":true,"href":"https:\/\/b2b-armangroup.com\/fr\/wp-json\/wp\/v2\/media\/7382"}],"wp:attachment":[{"href":"https:\/\/b2b-armangroup.com\/fr\/wp-json\/wp\/v2\/media?parent=5363"}],"wp:term":[{"taxonomy":"product_brand","embeddable":true,"href":"https:\/\/b2b-armangroup.com\/fr\/wp-json\/wp\/v2\/product_brand?post=5363"},{"taxonomy":"product_cat","embeddable":true,"href":"https:\/\/b2b-armangroup.com\/fr\/wp-json\/wp\/v2\/product_cat?post=5363"},{"taxonomy":"product_tag","embeddable":true,"href":"https:\/\/b2b-armangroup.com\/fr\/wp-json\/wp\/v2\/product_tag?post=5363"}],"curies":[{"name":"wp","href":"https:\/\/api.w.org\/{rel}","templated":true}]}}