{"id":5419,"date":"2025-03-16T15:34:45","date_gmt":"2025-03-16T11:34:45","guid":{"rendered":"https:\/\/b2b-armangroup.com\/product\/%d5%b4%d5%a1%d5%bc%d5%ac%d5%a5%d5%b6%d5%af%d5%a1-%d5%b6%d5%a1%d5%ba%d5%b8%d5%ac%d5%a5%d5%b8%d5%b6-300%d5%a3\/"},"modified":"2026-03-17T17:14:16","modified_gmt":"2026-03-17T13:14:16","slug":"%d5%b4%d5%a1%d5%bc%d5%ac%d5%a5%d5%b6%d5%af%d5%a1-%d5%b6%d5%a1%d5%ba%d5%b8%d5%ac%d5%a5%d5%b8%d5%b6-300%d5%a3","status":"publish","type":"product","link":"https:\/\/b2b-armangroup.com\/fr\/produit\/%d5%b4%d5%a1%d5%bc%d5%ac%d5%a5%d5%b6%d5%af%d5%a1-%d5%b6%d5%a1%d5%ba%d5%b8%d5%ac%d5%a5%d5%b8%d5%b6-300%d5%a3\/","title":{"rendered":"Marlenka \u2014 G\u00e2teau Napol\u00e9on 300 g"},"content":{"rendered":"","protected":false},"excerpt":{"rendered":"<p class=\"p1\">Marlenka G\u00e2teau Napol\u00e9on 300 g. P\u00e2tisserie feuillet\u00e9e inspir\u00e9e du c\u00e9l\u00e8bre dessert Napol\u00e9on, compos\u00e9e de fines couches croustillantes et d\u2019une cr\u00e8me au miel onctueuse. Un \u00e9quilibre parfait entre douceur et l\u00e9g\u00e8ret\u00e9, pr\u00e9par\u00e9 avec des ingr\u00e9dients naturels. Format : 300 g.<\/p>\n<p>4,55 \u20ac<\/p>","protected":false},"featured_media":13335,"comment_status":"open","ping_status":"closed","template":"","meta":{"_acf_changed":false},"product_brand":[],"product_cat":[174,185],"product_tag":[91,80],"class_list":{"0":"post-5419","1":"product","2":"type-product","3":"status-publish","4":"has-post-thumbnail","6":"product_cat-all-collections","7":"product_cat-marlenka","8":"product_tag-91","9":"product_tag-80","11":"first","12":"outofstock","13":"shipping-taxable","14":"purchasable","15":"product-type-variable","16":"wvs-archive-product-wrapper"},"acf":[],"_links":{"self":[{"href":"https:\/\/b2b-armangroup.com\/fr\/wp-json\/wp\/v2\/product\/5419","targetHints":{"allow":["GET"]}}],"collection":[{"href":"https:\/\/b2b-armangroup.com\/fr\/wp-json\/wp\/v2\/product"}],"about":[{"href":"https:\/\/b2b-armangroup.com\/fr\/wp-json\/wp\/v2\/types\/product"}],"replies":[{"embeddable":true,"href":"https:\/\/b2b-armangroup.com\/fr\/wp-json\/wp\/v2\/comments?post=5419"}],"version-history":[{"count":3,"href":"https:\/\/b2b-armangroup.com\/fr\/wp-json\/wp\/v2\/product\/5419\/revisions"}],"predecessor-version":[{"id":13336,"href":"https:\/\/b2b-armangroup.com\/fr\/wp-json\/wp\/v2\/product\/5419\/revisions\/13336"}],"wp:featuredmedia":[{"embeddable":true,"href":"https:\/\/b2b-armangroup.com\/fr\/wp-json\/wp\/v2\/media\/13335"}],"wp:attachment":[{"href":"https:\/\/b2b-armangroup.com\/fr\/wp-json\/wp\/v2\/media?parent=5419"}],"wp:term":[{"taxonomy":"product_brand","embeddable":true,"href":"https:\/\/b2b-armangroup.com\/fr\/wp-json\/wp\/v2\/product_brand?post=5419"},{"taxonomy":"product_cat","embeddable":true,"href":"https:\/\/b2b-armangroup.com\/fr\/wp-json\/wp\/v2\/product_cat?post=5419"},{"taxonomy":"product_tag","embeddable":true,"href":"https:\/\/b2b-armangroup.com\/fr\/wp-json\/wp\/v2\/product_tag?post=5419"}],"curies":[{"name":"wp","href":"https:\/\/api.w.org\/{rel}","templated":true}]}}