{"id":5435,"date":"2025-03-16T15:34:46","date_gmt":"2025-03-16T11:34:46","guid":{"rendered":"https:\/\/b2b-armangroup.com\/product\/%d5%b4%d5%a1%d5%bc%d5%ac%d5%a5%d5%b6%d5%af%d5%a1-%d5%b4%d5%a5%d5%b2%d6%80%d5%b8%d5%be-%d5%b6%d5%a1%d5%a3%d5%a5%d5%a9%d5%b6%d5%a5%d6%80-235%d5%a3\/"},"modified":"2025-10-12T14:10:00","modified_gmt":"2025-10-12T10:10:00","slug":"%d5%b4%d5%a1%d5%bc%d5%ac%d5%a5%d5%b6%d5%af%d5%a1-%d5%b4%d5%a5%d5%b2%d6%80%d5%b8%d5%be-%d5%b6%d5%a1%d5%a3%d5%a5%d5%a9%d5%b6%d5%a5%d6%80-235%d5%a3","status":"publish","type":"product","link":"https:\/\/b2b-armangroup.com\/fr\/produit\/%d5%b4%d5%a1%d5%bc%d5%ac%d5%a5%d5%b6%d5%af%d5%a1-%d5%b4%d5%a5%d5%b2%d6%80%d5%b8%d5%be-%d5%b6%d5%a1%d5%a3%d5%a5%d5%a9%d5%b6%d5%a5%d6%80-235%d5%a3\/","title":{"rendered":"Marlenka \u2014 Boules au miel 235 g"},"content":{"rendered":"","protected":false},"excerpt":{"rendered":"<p class=\"p1\">Marlenka Boules au miel 235 g. Petites boules de g\u00e2teau au miel \u00e0 base de g\u00e9noise et de cr\u00e8me, enrob\u00e9es de fines miettes. Une version mini du c\u00e9l\u00e8bre g\u00e2teau Marlenka \u2014 douce, onctueuse et naturellement sucr\u00e9e. Parfaites pour partager ou accompagner le th\u00e9. Format : 235 g.<\/p>\n<p>4,16 \u20ac<\/p>","protected":false},"featured_media":13339,"comment_status":"open","ping_status":"closed","template":"","meta":{"_acf_changed":false},"product_brand":[],"product_cat":[174,185],"product_tag":[91,80],"class_list":{"0":"post-5435","1":"product","2":"type-product","3":"status-publish","4":"has-post-thumbnail","6":"product_cat-all-collections","7":"product_cat-marlenka","8":"product_tag-91","9":"product_tag-80","11":"first","12":"instock","13":"shipping-taxable","14":"purchasable","15":"product-type-variable","16":"wvs-archive-product-wrapper"},"acf":[],"_links":{"self":[{"href":"https:\/\/b2b-armangroup.com\/fr\/wp-json\/wp\/v2\/product\/5435","targetHints":{"allow":["GET"]}}],"collection":[{"href":"https:\/\/b2b-armangroup.com\/fr\/wp-json\/wp\/v2\/product"}],"about":[{"href":"https:\/\/b2b-armangroup.com\/fr\/wp-json\/wp\/v2\/types\/product"}],"replies":[{"embeddable":true,"href":"https:\/\/b2b-armangroup.com\/fr\/wp-json\/wp\/v2\/comments?post=5435"}],"version-history":[{"count":3,"href":"https:\/\/b2b-armangroup.com\/fr\/wp-json\/wp\/v2\/product\/5435\/revisions"}],"predecessor-version":[{"id":13341,"href":"https:\/\/b2b-armangroup.com\/fr\/wp-json\/wp\/v2\/product\/5435\/revisions\/13341"}],"wp:featuredmedia":[{"embeddable":true,"href":"https:\/\/b2b-armangroup.com\/fr\/wp-json\/wp\/v2\/media\/13339"}],"wp:attachment":[{"href":"https:\/\/b2b-armangroup.com\/fr\/wp-json\/wp\/v2\/media?parent=5435"}],"wp:term":[{"taxonomy":"product_brand","embeddable":true,"href":"https:\/\/b2b-armangroup.com\/fr\/wp-json\/wp\/v2\/product_brand?post=5435"},{"taxonomy":"product_cat","embeddable":true,"href":"https:\/\/b2b-armangroup.com\/fr\/wp-json\/wp\/v2\/product_cat?post=5435"},{"taxonomy":"product_tag","embeddable":true,"href":"https:\/\/b2b-armangroup.com\/fr\/wp-json\/wp\/v2\/product_tag?post=5435"}],"curies":[{"name":"wp","href":"https:\/\/api.w.org\/{rel}","templated":true}]}}