{"id":5445,"date":"2025-03-16T15:34:46","date_gmt":"2025-03-16T11:34:46","guid":{"rendered":"https:\/\/b2b-armangroup.com\/product\/%d5%b4%d5%a1%d5%bc%d5%ac%d5%a5%d5%b6%d5%af%d5%a1-%d6%83%d5%a1%d5%ad%d5%ac%d5%a1%d5%be%d5%a1-280%d5%a3\/"},"modified":"2026-03-17T17:15:03","modified_gmt":"2026-03-17T13:15:03","slug":"%d5%b4%d5%a1%d5%bc%d5%ac%d5%a5%d5%b6%d5%af%d5%a1-%d6%83%d5%a1%d5%ad%d5%ac%d5%a1%d5%be%d5%a1-280%d5%a3","status":"publish","type":"product","link":"https:\/\/b2b-armangroup.com\/fr\/produit\/%d5%b4%d5%a1%d5%bc%d5%ac%d5%a5%d5%b6%d5%af%d5%a1-%d6%83%d5%a1%d5%ad%d5%ac%d5%a1%d5%be%d5%a1-280%d5%a3\/","title":{"rendered":"Marlenka \u2014 Pakhlava 280 g"},"content":{"rendered":"","protected":false},"excerpt":{"rendered":"<p class=\"p1\">Marlenka Pakhlava 280 g. P\u00e2tisserie feuillet\u00e9e traditionnelle, garnie de noix hach\u00e9es et napp\u00e9e de sirop au miel. Inspir\u00e9e des recettes orientales, cette pakhlava offre une texture croustillante et une douceur riche en saveurs. Id\u00e9ale pour les f\u00eates ou une pause gourmande. Format : 280 g.<\/p>\n<p>7,47 \u20ac<\/p>","protected":false},"featured_media":13348,"comment_status":"open","ping_status":"closed","template":"","meta":{"_acf_changed":false},"product_brand":[],"product_cat":[174,185],"product_tag":[91,80],"class_list":{"0":"post-5445","1":"product","2":"type-product","3":"status-publish","4":"has-post-thumbnail","6":"product_cat-all-collections","7":"product_cat-marlenka","8":"product_tag-91","9":"product_tag-80","11":"first","12":"outofstock","13":"shipping-taxable","14":"purchasable","15":"product-type-variable","16":"wvs-archive-product-wrapper"},"acf":[],"_links":{"self":[{"href":"https:\/\/b2b-armangroup.com\/fr\/wp-json\/wp\/v2\/product\/5445","targetHints":{"allow":["GET"]}}],"collection":[{"href":"https:\/\/b2b-armangroup.com\/fr\/wp-json\/wp\/v2\/product"}],"about":[{"href":"https:\/\/b2b-armangroup.com\/fr\/wp-json\/wp\/v2\/types\/product"}],"replies":[{"embeddable":true,"href":"https:\/\/b2b-armangroup.com\/fr\/wp-json\/wp\/v2\/comments?post=5445"}],"version-history":[{"count":3,"href":"https:\/\/b2b-armangroup.com\/fr\/wp-json\/wp\/v2\/product\/5445\/revisions"}],"predecessor-version":[{"id":16194,"href":"https:\/\/b2b-armangroup.com\/fr\/wp-json\/wp\/v2\/product\/5445\/revisions\/16194"}],"wp:featuredmedia":[{"embeddable":true,"href":"https:\/\/b2b-armangroup.com\/fr\/wp-json\/wp\/v2\/media\/13348"}],"wp:attachment":[{"href":"https:\/\/b2b-armangroup.com\/fr\/wp-json\/wp\/v2\/media?parent=5445"}],"wp:term":[{"taxonomy":"product_brand","embeddable":true,"href":"https:\/\/b2b-armangroup.com\/fr\/wp-json\/wp\/v2\/product_brand?post=5445"},{"taxonomy":"product_cat","embeddable":true,"href":"https:\/\/b2b-armangroup.com\/fr\/wp-json\/wp\/v2\/product_cat?post=5445"},{"taxonomy":"product_tag","embeddable":true,"href":"https:\/\/b2b-armangroup.com\/fr\/wp-json\/wp\/v2\/product_tag?post=5445"}],"curies":[{"name":"wp","href":"https:\/\/api.w.org\/{rel}","templated":true}]}}