{"id":5500,"date":"2025-03-16T15:34:49","date_gmt":"2025-03-16T11:34:49","guid":{"rendered":"https:\/\/b2b-armangroup.com\/product\/%d5%b0%d5%a1%d5%b6%d6%84%d5%a1%d5%b5%d5%ab%d5%b6-%d5%bb%d5%b8%d6%82%d6%80-%d5%bb%d5%a5%d6%80%d5%b4%d5%b8%d6%82%d5%af-500%d5%b4%d5%ac\/"},"modified":"2026-04-09T13:38:31","modified_gmt":"2026-04-09T09:38:31","slug":"%d5%b0%d5%a1%d5%b6%d6%84%d5%a1%d5%b5%d5%ab%d5%b6-%d5%bb%d5%b8%d6%82%d6%80-%d5%bb%d5%a5%d6%80%d5%b4%d5%b8%d6%82%d5%af-500%d5%b4%d5%ac","status":"publish","type":"product","link":"https:\/\/b2b-armangroup.com\/fr\/produit\/%d5%b0%d5%a1%d5%b6%d6%84%d5%a1%d5%b5%d5%ab%d5%b6-%d5%bb%d5%b8%d6%82%d6%80-%d5%bb%d5%a5%d6%80%d5%b4%d5%b8%d6%82%d5%af-500%d5%b4%d5%ac\/","title":{"rendered":"Eau Min\u00e9rale de Jermuk"},"content":{"rendered":"","protected":false},"excerpt":{"rendered":"<p class=\"p1\">Eau min\u00e9rale naturelle arm\u00e9nienne de qualit\u00e9, provenant des sources de Jermuk. <span class=\"s1\"><b>Jermuk<\/b><\/span> springs. 0.5L<\/p>\n<p class=\"p1\">0.89\u20ac<\/p>","protected":false},"featured_media":14683,"comment_status":"open","ping_status":"closed","template":"","meta":{"_acf_changed":false},"product_brand":[],"product_cat":[174,188,186,219],"product_tag":[80,144],"class_list":{"0":"post-5500","1":"product","2":"type-product","3":"status-publish","4":"has-post-thumbnail","6":"product_cat-all-collections","7":"product_cat-drinks-beverages","8":"product_cat-sales","9":"product_cat-water","10":"product_tag-80","11":"product_tag-144","13":"first","14":"instock","15":"shipping-taxable","16":"purchasable","17":"product-type-variable","18":"wvs-archive-product-wrapper"},"acf":[],"_links":{"self":[{"href":"https:\/\/b2b-armangroup.com\/fr\/wp-json\/wp\/v2\/product\/5500","targetHints":{"allow":["GET"]}}],"collection":[{"href":"https:\/\/b2b-armangroup.com\/fr\/wp-json\/wp\/v2\/product"}],"about":[{"href":"https:\/\/b2b-armangroup.com\/fr\/wp-json\/wp\/v2\/types\/product"}],"replies":[{"embeddable":true,"href":"https:\/\/b2b-armangroup.com\/fr\/wp-json\/wp\/v2\/comments?post=5500"}],"version-history":[{"count":9,"href":"https:\/\/b2b-armangroup.com\/fr\/wp-json\/wp\/v2\/product\/5500\/revisions"}],"predecessor-version":[{"id":16505,"href":"https:\/\/b2b-armangroup.com\/fr\/wp-json\/wp\/v2\/product\/5500\/revisions\/16505"}],"wp:featuredmedia":[{"embeddable":true,"href":"https:\/\/b2b-armangroup.com\/fr\/wp-json\/wp\/v2\/media\/14683"}],"wp:attachment":[{"href":"https:\/\/b2b-armangroup.com\/fr\/wp-json\/wp\/v2\/media?parent=5500"}],"wp:term":[{"taxonomy":"product_brand","embeddable":true,"href":"https:\/\/b2b-armangroup.com\/fr\/wp-json\/wp\/v2\/product_brand?post=5500"},{"taxonomy":"product_cat","embeddable":true,"href":"https:\/\/b2b-armangroup.com\/fr\/wp-json\/wp\/v2\/product_cat?post=5500"},{"taxonomy":"product_tag","embeddable":true,"href":"https:\/\/b2b-armangroup.com\/fr\/wp-json\/wp\/v2\/product_tag?post=5500"}],"curies":[{"name":"wp","href":"https:\/\/api.w.org\/{rel}","templated":true}]}}