{"id":5627,"date":"2025-03-16T15:34:56","date_gmt":"2025-03-16T11:34:56","guid":{"rendered":"https:\/\/b2b-armangroup.com\/product\/napoleonka-with-cocoa-300g\/"},"modified":"2025-12-02T20:54:15","modified_gmt":"2025-12-02T16:54:15","slug":"napoleonka-with-cocoa-300g","status":"publish","type":"product","link":"https:\/\/b2b-armangroup.com\/fr\/produit\/napoleonka-with-cocoa-300g\/","title":{"rendered":"Marlenka \u2014 Napol\u00e9onka au cacao 300 g"},"content":{"rendered":"","protected":false},"excerpt":{"rendered":"<p class=\"p1\">Marlenka Napol\u00e9onka au cacao 300 g. P\u00e2tisserie feuillet\u00e9e garnie d\u2019une cr\u00e8me onctueuse au cacao et saupoudr\u00e9e de sucre. Une version chocolat\u00e9e du c\u00e9l\u00e8bre g\u00e2teau Napol\u00e9on, alliant croquant et douceur intense. Format : 300 g.<\/p>\n<p>4,55 \u20ac<\/p>","protected":false},"featured_media":13337,"comment_status":"open","ping_status":"closed","template":"","meta":{"_acf_changed":false},"product_brand":[],"product_cat":[185,218],"product_tag":[91],"class_list":{"0":"post-5627","1":"product","2":"type-product","3":"status-publish","4":"has-post-thumbnail","6":"product_cat-marlenka","7":"product_cat-sweets","8":"product_tag-91","10":"first","11":"outofstock","12":"shipping-taxable","13":"purchasable","14":"product-type-variable","15":"wvs-archive-product-wrapper"},"acf":[],"_links":{"self":[{"href":"https:\/\/b2b-armangroup.com\/fr\/wp-json\/wp\/v2\/product\/5627","targetHints":{"allow":["GET"]}}],"collection":[{"href":"https:\/\/b2b-armangroup.com\/fr\/wp-json\/wp\/v2\/product"}],"about":[{"href":"https:\/\/b2b-armangroup.com\/fr\/wp-json\/wp\/v2\/types\/product"}],"replies":[{"embeddable":true,"href":"https:\/\/b2b-armangroup.com\/fr\/wp-json\/wp\/v2\/comments?post=5627"}],"version-history":[{"count":4,"href":"https:\/\/b2b-armangroup.com\/fr\/wp-json\/wp\/v2\/product\/5627\/revisions"}],"predecessor-version":[{"id":13338,"href":"https:\/\/b2b-armangroup.com\/fr\/wp-json\/wp\/v2\/product\/5627\/revisions\/13338"}],"wp:featuredmedia":[{"embeddable":true,"href":"https:\/\/b2b-armangroup.com\/fr\/wp-json\/wp\/v2\/media\/13337"}],"wp:attachment":[{"href":"https:\/\/b2b-armangroup.com\/fr\/wp-json\/wp\/v2\/media?parent=5627"}],"wp:term":[{"taxonomy":"product_brand","embeddable":true,"href":"https:\/\/b2b-armangroup.com\/fr\/wp-json\/wp\/v2\/product_brand?post=5627"},{"taxonomy":"product_cat","embeddable":true,"href":"https:\/\/b2b-armangroup.com\/fr\/wp-json\/wp\/v2\/product_cat?post=5627"},{"taxonomy":"product_tag","embeddable":true,"href":"https:\/\/b2b-armangroup.com\/fr\/wp-json\/wp\/v2\/product_tag?post=5627"}],"curies":[{"name":"wp","href":"https:\/\/api.w.org\/{rel}","templated":true}]}}