{"id":5681,"date":"2025-03-16T15:34:58","date_gmt":"2025-03-16T11:34:58","guid":{"rendered":"https:\/\/b2b-armangroup.com\/product\/%d5%a2%d5%a1%d5%b4%d5%ab%d5%a1-%d5%b4%d5%a1%d6%80%d5%ab%d5%b6%d5%a1%d6%81%d5%be%d5%a1%d5%ae-%d5%be%d5%ab%d5%ac%d6%86%d5%b8%d6%82%d5%a4-700%d5%a3\/"},"modified":"2026-04-06T21:58:43","modified_gmt":"2026-04-06T17:58:43","slug":"%d5%a2%d5%a1%d5%b4%d5%ab%d5%a1-%d5%b4%d5%a1%d6%80%d5%ab%d5%b6%d5%a1%d6%81%d5%be%d5%a1%d5%ae-%d5%be%d5%ab%d5%ac%d6%86%d5%b8%d6%82%d5%a4-700%d5%a3","status":"publish","type":"product","link":"https:\/\/b2b-armangroup.com\/fr\/produit\/%d5%a2%d5%a1%d5%b4%d5%ab%d5%a1-%d5%b4%d5%a1%d6%80%d5%ab%d5%b6%d5%a1%d6%81%d5%be%d5%a1%d5%ae-%d5%be%d5%ab%d5%ac%d6%86%d5%b8%d6%82%d5%a4-700%d5%a3\/","title":{"rendered":"Vilfood - Okra marin\u00e9 - 605g"},"content":{"rendered":"","protected":false},"excerpt":{"rendered":"<p class=\"p1\">Vilfood Gombo marin\u00e9 605 g. Gombos frais marin\u00e9s avec des herbes aromatiques, de l\u2019ail et des \u00e9pices pour un go\u00fbt croquant et acidul\u00e9. Parfait en accompagnement de viandes, de poissons ou de plats traditionnels.<\/p>\n<p>2,90 \u20ac<\/p>","protected":false},"featured_media":16483,"comment_status":"open","ping_status":"closed","template":"","meta":{"_acf_changed":false},"product_brand":[],"product_cat":[174,176,198,212],"product_tag":[143,78,80,121],"class_list":{"0":"post-5681","1":"product","2":"type-product","3":"status-publish","4":"has-post-thumbnail","6":"product_cat-all-collections","7":"product_cat-canned-goods","8":"product_cat-canned-vegetables-all-brands","9":"product_cat-vilfood","10":"product_tag-143","11":"product_tag-78","12":"product_tag-80","13":"product_tag-121","15":"first","16":"instock","17":"shipping-taxable","18":"purchasable","19":"product-type-variable","20":"wvs-archive-product-wrapper"},"acf":[],"_links":{"self":[{"href":"https:\/\/b2b-armangroup.com\/fr\/wp-json\/wp\/v2\/product\/5681","targetHints":{"allow":["GET"]}}],"collection":[{"href":"https:\/\/b2b-armangroup.com\/fr\/wp-json\/wp\/v2\/product"}],"about":[{"href":"https:\/\/b2b-armangroup.com\/fr\/wp-json\/wp\/v2\/types\/product"}],"replies":[{"embeddable":true,"href":"https:\/\/b2b-armangroup.com\/fr\/wp-json\/wp\/v2\/comments?post=5681"}],"version-history":[{"count":4,"href":"https:\/\/b2b-armangroup.com\/fr\/wp-json\/wp\/v2\/product\/5681\/revisions"}],"predecessor-version":[{"id":13535,"href":"https:\/\/b2b-armangroup.com\/fr\/wp-json\/wp\/v2\/product\/5681\/revisions\/13535"}],"wp:featuredmedia":[{"embeddable":true,"href":"https:\/\/b2b-armangroup.com\/fr\/wp-json\/wp\/v2\/media\/16483"}],"wp:attachment":[{"href":"https:\/\/b2b-armangroup.com\/fr\/wp-json\/wp\/v2\/media?parent=5681"}],"wp:term":[{"taxonomy":"product_brand","embeddable":true,"href":"https:\/\/b2b-armangroup.com\/fr\/wp-json\/wp\/v2\/product_brand?post=5681"},{"taxonomy":"product_cat","embeddable":true,"href":"https:\/\/b2b-armangroup.com\/fr\/wp-json\/wp\/v2\/product_cat?post=5681"},{"taxonomy":"product_tag","embeddable":true,"href":"https:\/\/b2b-armangroup.com\/fr\/wp-json\/wp\/v2\/product_tag?post=5681"}],"curies":[{"name":"wp","href":"https:\/\/api.w.org\/{rel}","templated":true}]}}