{"id":5711,"date":"2025-03-16T15:35:01","date_gmt":"2025-03-16T11:35:01","guid":{"rendered":"https:\/\/b2b-armangroup.com\/product\/pasta-jumbo-shells-500g\/"},"modified":"2025-11-22T15:50:10","modified_gmt":"2025-11-22T11:50:10","slug":"pasta-jumbo-shells-500g","status":"publish","type":"product","link":"https:\/\/b2b-armangroup.com\/fr\/produit\/pasta-jumbo-shells-500g\/","title":{"rendered":"P\u00e2te de coquillages Jumbo Melograno 500g"},"content":{"rendered":"","protected":false},"excerpt":{"rendered":"<p class=\"p1\">Grosses coquilles de p\u00e2tes fabriqu\u00e9es \u00e0 partir de semoule de bl\u00e9 dur. Id\u00e9ales \u00e0 farcir de fromage, l\u00e9gumes ou viande, puis gratiner au four. Poids net : 500g.<\/p>\n<p>1,95 \u20ac per box<\/p>","protected":false},"featured_media":14789,"comment_status":"open","ping_status":"closed","template":"","meta":{"_acf_changed":false},"product_brand":[],"product_cat":[207],"product_tag":[97],"class_list":{"0":"post-5711","1":"product","2":"type-product","3":"status-publish","4":"has-post-thumbnail","6":"product_cat-pasta","7":"product_tag-pasta","9":"first","10":"instock","11":"shipping-taxable","12":"purchasable","13":"product-type-variable","14":"wvs-archive-product-wrapper"},"acf":[],"_links":{"self":[{"href":"https:\/\/b2b-armangroup.com\/fr\/wp-json\/wp\/v2\/product\/5711","targetHints":{"allow":["GET"]}}],"collection":[{"href":"https:\/\/b2b-armangroup.com\/fr\/wp-json\/wp\/v2\/product"}],"about":[{"href":"https:\/\/b2b-armangroup.com\/fr\/wp-json\/wp\/v2\/types\/product"}],"replies":[{"embeddable":true,"href":"https:\/\/b2b-armangroup.com\/fr\/wp-json\/wp\/v2\/comments?post=5711"}],"version-history":[{"count":3,"href":"https:\/\/b2b-armangroup.com\/fr\/wp-json\/wp\/v2\/product\/5711\/revisions"}],"predecessor-version":[{"id":13683,"href":"https:\/\/b2b-armangroup.com\/fr\/wp-json\/wp\/v2\/product\/5711\/revisions\/13683"}],"wp:featuredmedia":[{"embeddable":true,"href":"https:\/\/b2b-armangroup.com\/fr\/wp-json\/wp\/v2\/media\/14789"}],"wp:attachment":[{"href":"https:\/\/b2b-armangroup.com\/fr\/wp-json\/wp\/v2\/media?parent=5711"}],"wp:term":[{"taxonomy":"product_brand","embeddable":true,"href":"https:\/\/b2b-armangroup.com\/fr\/wp-json\/wp\/v2\/product_brand?post=5711"},{"taxonomy":"product_cat","embeddable":true,"href":"https:\/\/b2b-armangroup.com\/fr\/wp-json\/wp\/v2\/product_cat?post=5711"},{"taxonomy":"product_tag","embeddable":true,"href":"https:\/\/b2b-armangroup.com\/fr\/wp-json\/wp\/v2\/product_tag?post=5711"}],"curies":[{"name":"wp","href":"https:\/\/api.w.org\/{rel}","templated":true}]}}