{"id":5723,"date":"2025-03-16T15:35:01","date_gmt":"2025-03-16T11:35:01","guid":{"rendered":"https:\/\/b2b-armangroup.com\/product\/pasta-melograno-gyughakan-500gr\/"},"modified":"2026-04-09T13:20:33","modified_gmt":"2026-04-09T09:20:33","slug":"pasta-melograno-gyughakan-500gr","status":"publish","type":"product","link":"https:\/\/b2b-armangroup.com\/fr\/produit\/pasta-melograno-gyughakan-500gr\/","title":{"rendered":"P\u00e2tes Melograno 500gr"},"content":{"rendered":"","protected":false},"excerpt":{"rendered":"<p class=\"p1\">P\u00e2tes \u00ab style village \u00bb traditionnelles, fabriqu\u00e9es \u00e0 partir de semoule de bl\u00e9 dur. Texture rustique et go\u00fbt authentique, id\u00e9ales pour des plats faits maison copieux. Poids net : 500g.<\/p>\n<p>1,95 \u20ac per box<\/p>","protected":false},"featured_media":14788,"comment_status":"open","ping_status":"closed","template":"","meta":{"_acf_changed":false},"product_brand":[],"product_cat":[174,207],"product_tag":[97],"class_list":{"0":"post-5723","1":"product","2":"type-product","3":"status-publish","4":"has-post-thumbnail","6":"product_cat-all-collections","7":"product_cat-pasta","8":"product_tag-pasta","10":"first","11":"instock","12":"shipping-taxable","13":"purchasable","14":"product-type-variable","15":"wvs-archive-product-wrapper"},"acf":[],"_links":{"self":[{"href":"https:\/\/b2b-armangroup.com\/fr\/wp-json\/wp\/v2\/product\/5723","targetHints":{"allow":["GET"]}}],"collection":[{"href":"https:\/\/b2b-armangroup.com\/fr\/wp-json\/wp\/v2\/product"}],"about":[{"href":"https:\/\/b2b-armangroup.com\/fr\/wp-json\/wp\/v2\/types\/product"}],"replies":[{"embeddable":true,"href":"https:\/\/b2b-armangroup.com\/fr\/wp-json\/wp\/v2\/comments?post=5723"}],"version-history":[{"count":2,"href":"https:\/\/b2b-armangroup.com\/fr\/wp-json\/wp\/v2\/product\/5723\/revisions"}],"predecessor-version":[{"id":13231,"href":"https:\/\/b2b-armangroup.com\/fr\/wp-json\/wp\/v2\/product\/5723\/revisions\/13231"}],"wp:featuredmedia":[{"embeddable":true,"href":"https:\/\/b2b-armangroup.com\/fr\/wp-json\/wp\/v2\/media\/14788"}],"wp:attachment":[{"href":"https:\/\/b2b-armangroup.com\/fr\/wp-json\/wp\/v2\/media?parent=5723"}],"wp:term":[{"taxonomy":"product_brand","embeddable":true,"href":"https:\/\/b2b-armangroup.com\/fr\/wp-json\/wp\/v2\/product_brand?post=5723"},{"taxonomy":"product_cat","embeddable":true,"href":"https:\/\/b2b-armangroup.com\/fr\/wp-json\/wp\/v2\/product_cat?post=5723"},{"taxonomy":"product_tag","embeddable":true,"href":"https:\/\/b2b-armangroup.com\/fr\/wp-json\/wp\/v2\/product_tag?post=5723"}],"curies":[{"name":"wp","href":"https:\/\/api.w.org\/{rel}","templated":true}]}}