{"id":6098,"date":"2025-03-16T15:35:18","date_gmt":"2025-03-16T11:35:18","guid":{"rendered":"https:\/\/b2b-armangroup.com\/product\/pumpkin-seeds-arevik-250gr\/"},"modified":"2025-10-07T18:00:00","modified_gmt":"2025-10-07T14:00:00","slug":"pumpkin-seeds-arevik-250gr","status":"publish","type":"product","link":"https:\/\/b2b-armangroup.com\/fr\/produit\/pumpkin-seeds-arevik-250gr\/","title":{"rendered":"Graines de citrouille Arevik 250gr"},"content":{"rendered":"","protected":false},"excerpt":{"rendered":"<p class=\"p1\">Graines de courge Arevik de qualit\u00e9 sup\u00e9rieure, l\u00e9g\u00e8rement grill\u00e9es pour une collation croquante et nutritive. Sachet refermable de 250g.<\/p>\n<p>4,12 \u20ac per pack<\/p>","protected":false},"featured_media":8552,"comment_status":"open","ping_status":"closed","template":"","meta":{"_acf_changed":false},"product_brand":[],"product_cat":[235,237],"product_tag":[83],"class_list":{"0":"post-6098","1":"product","2":"type-product","3":"status-publish","4":"has-post-thumbnail","6":"product_cat-snacks","7":"product_cat-sunflower-seeds","8":"product_tag-83","10":"first","11":"outofstock","12":"shipping-taxable","13":"purchasable","14":"product-type-variable","15":"wvs-archive-product-wrapper"},"acf":[],"_links":{"self":[{"href":"https:\/\/b2b-armangroup.com\/fr\/wp-json\/wp\/v2\/product\/6098","targetHints":{"allow":["GET"]}}],"collection":[{"href":"https:\/\/b2b-armangroup.com\/fr\/wp-json\/wp\/v2\/product"}],"about":[{"href":"https:\/\/b2b-armangroup.com\/fr\/wp-json\/wp\/v2\/types\/product"}],"replies":[{"embeddable":true,"href":"https:\/\/b2b-armangroup.com\/fr\/wp-json\/wp\/v2\/comments?post=6098"}],"version-history":[{"count":3,"href":"https:\/\/b2b-armangroup.com\/fr\/wp-json\/wp\/v2\/product\/6098\/revisions"}],"predecessor-version":[{"id":13243,"href":"https:\/\/b2b-armangroup.com\/fr\/wp-json\/wp\/v2\/product\/6098\/revisions\/13243"}],"wp:featuredmedia":[{"embeddable":true,"href":"https:\/\/b2b-armangroup.com\/fr\/wp-json\/wp\/v2\/media\/8552"}],"wp:attachment":[{"href":"https:\/\/b2b-armangroup.com\/fr\/wp-json\/wp\/v2\/media?parent=6098"}],"wp:term":[{"taxonomy":"product_brand","embeddable":true,"href":"https:\/\/b2b-armangroup.com\/fr\/wp-json\/wp\/v2\/product_brand?post=6098"},{"taxonomy":"product_cat","embeddable":true,"href":"https:\/\/b2b-armangroup.com\/fr\/wp-json\/wp\/v2\/product_cat?post=6098"},{"taxonomy":"product_tag","embeddable":true,"href":"https:\/\/b2b-armangroup.com\/fr\/wp-json\/wp\/v2\/product_tag?post=6098"}],"curies":[{"name":"wp","href":"https:\/\/api.w.org\/{rel}","templated":true}]}}