{"id":6164,"date":"2025-03-16T15:35:21","date_gmt":"2025-03-16T11:35:21","guid":{"rendered":"https:\/\/b2b-armangroup.com\/product\/rahat-lokhum-with-peanuts-225gr\/"},"modified":"2025-10-10T15:50:55","modified_gmt":"2025-10-10T11:50:55","slug":"rahat-lokhum-with-peanuts-225gr","status":"publish","type":"product","link":"https:\/\/b2b-armangroup.com\/fr\/produit\/rahat-lokhum-with-peanuts-225gr\/","title":{"rendered":"Daroink \u2014 Rahat Lokhum aux cacahu\u00e8tes 225 g"},"content":{"rendered":"","protected":false},"excerpt":{"rendered":"<p class=\"p1\">Daroink Rahat Lokhum aux cacahu\u00e8tes 225 g. D\u00e9licieux loukoum traditionnel agr\u00e9ment\u00e9 de cacahu\u00e8tes croquantes. Doux, gourmand et parfaitement sucr\u00e9 \u2014 un plaisir pour les amateurs de fruits secs. Format : 225 g.<\/p>\n<p>0,90 \u20ac per pack<\/p>","protected":false},"featured_media":8665,"comment_status":"open","ping_status":"closed","template":"","meta":{"_acf_changed":false},"product_brand":[],"product_cat":[201,241,186,218],"product_tag":[83],"class_list":{"0":"post-6164","1":"product","2":"type-product","3":"status-publish","4":"has-post-thumbnail","6":"product_cat-daroink","7":"product_cat-lokhum","8":"product_cat-sales","9":"product_cat-sweets","10":"product_tag-83","12":"first","13":"outofstock","14":"shipping-taxable","15":"purchasable","16":"product-type-variable","17":"wvs-archive-product-wrapper"},"acf":[],"_links":{"self":[{"href":"https:\/\/b2b-armangroup.com\/fr\/wp-json\/wp\/v2\/product\/6164","targetHints":{"allow":["GET"]}}],"collection":[{"href":"https:\/\/b2b-armangroup.com\/fr\/wp-json\/wp\/v2\/product"}],"about":[{"href":"https:\/\/b2b-armangroup.com\/fr\/wp-json\/wp\/v2\/types\/product"}],"replies":[{"embeddable":true,"href":"https:\/\/b2b-armangroup.com\/fr\/wp-json\/wp\/v2\/comments?post=6164"}],"version-history":[{"count":4,"href":"https:\/\/b2b-armangroup.com\/fr\/wp-json\/wp\/v2\/product\/6164\/revisions"}],"predecessor-version":[{"id":13292,"href":"https:\/\/b2b-armangroup.com\/fr\/wp-json\/wp\/v2\/product\/6164\/revisions\/13292"}],"wp:featuredmedia":[{"embeddable":true,"href":"https:\/\/b2b-armangroup.com\/fr\/wp-json\/wp\/v2\/media\/8665"}],"wp:attachment":[{"href":"https:\/\/b2b-armangroup.com\/fr\/wp-json\/wp\/v2\/media?parent=6164"}],"wp:term":[{"taxonomy":"product_brand","embeddable":true,"href":"https:\/\/b2b-armangroup.com\/fr\/wp-json\/wp\/v2\/product_brand?post=6164"},{"taxonomy":"product_cat","embeddable":true,"href":"https:\/\/b2b-armangroup.com\/fr\/wp-json\/wp\/v2\/product_cat?post=6164"},{"taxonomy":"product_tag","embeddable":true,"href":"https:\/\/b2b-armangroup.com\/fr\/wp-json\/wp\/v2\/product_tag?post=6164"}],"curies":[{"name":"wp","href":"https:\/\/api.w.org\/{rel}","templated":true}]}}