{"id":6171,"date":"2025-03-16T15:35:21","date_gmt":"2025-03-16T11:35:21","guid":{"rendered":"https:\/\/b2b-armangroup.com\/product\/rahat-lokhum-with-rose-flavor-225gr\/"},"modified":"2025-10-10T15:44:30","modified_gmt":"2025-10-10T11:44:30","slug":"rahat-lokhum-with-rose-flavor-225gr","status":"publish","type":"product","link":"https:\/\/b2b-armangroup.com\/fr\/produit\/rahat-lokhum-with-rose-flavor-225gr\/","title":{"rendered":"Daroink \u2014 Rahat Lokhum \u00e0 la rose 225 g"},"content":{"rendered":"","protected":false},"excerpt":{"rendered":"<p class=\"p1\">Daroink Rahat Lokhum \u00e0 la rose 225 g. D\u00e9licieuse confiserie turque parfum\u00e9e \u00e0 l\u2019essence naturelle de rose. Douce, tendre et raffin\u00e9e \u2014 une friandise classique pour un moment de plaisir. Format : 225 g.<\/p>\n<p>1,10 \u20ac per pack<\/p>","protected":false},"featured_media":8703,"comment_status":"open","ping_status":"closed","template":"","meta":{"_acf_changed":false},"product_brand":[],"product_cat":[241,186,218],"product_tag":[83],"class_list":{"0":"post-6171","1":"product","2":"type-product","3":"status-publish","4":"has-post-thumbnail","6":"product_cat-lokhum","7":"product_cat-sales","8":"product_cat-sweets","9":"product_tag-83","11":"first","12":"outofstock","13":"shipping-taxable","14":"purchasable","15":"product-type-variable","16":"wvs-archive-product-wrapper"},"acf":[],"_links":{"self":[{"href":"https:\/\/b2b-armangroup.com\/fr\/wp-json\/wp\/v2\/product\/6171","targetHints":{"allow":["GET"]}}],"collection":[{"href":"https:\/\/b2b-armangroup.com\/fr\/wp-json\/wp\/v2\/product"}],"about":[{"href":"https:\/\/b2b-armangroup.com\/fr\/wp-json\/wp\/v2\/types\/product"}],"replies":[{"embeddable":true,"href":"https:\/\/b2b-armangroup.com\/fr\/wp-json\/wp\/v2\/comments?post=6171"}],"version-history":[{"count":4,"href":"https:\/\/b2b-armangroup.com\/fr\/wp-json\/wp\/v2\/product\/6171\/revisions"}],"predecessor-version":[{"id":13290,"href":"https:\/\/b2b-armangroup.com\/fr\/wp-json\/wp\/v2\/product\/6171\/revisions\/13290"}],"wp:featuredmedia":[{"embeddable":true,"href":"https:\/\/b2b-armangroup.com\/fr\/wp-json\/wp\/v2\/media\/8703"}],"wp:attachment":[{"href":"https:\/\/b2b-armangroup.com\/fr\/wp-json\/wp\/v2\/media?parent=6171"}],"wp:term":[{"taxonomy":"product_brand","embeddable":true,"href":"https:\/\/b2b-armangroup.com\/fr\/wp-json\/wp\/v2\/product_brand?post=6171"},{"taxonomy":"product_cat","embeddable":true,"href":"https:\/\/b2b-armangroup.com\/fr\/wp-json\/wp\/v2\/product_cat?post=6171"},{"taxonomy":"product_tag","embeddable":true,"href":"https:\/\/b2b-armangroup.com\/fr\/wp-json\/wp\/v2\/product_tag?post=6171"}],"curies":[{"name":"wp","href":"https:\/\/api.w.org\/{rel}","templated":true}]}}