{"id":6365,"date":"2025-03-16T15:35:32","date_gmt":"2025-03-16T11:35:32","guid":{"rendered":"https:\/\/b2b-armangroup.com\/product\/red-pepper-marinated-avshar-670g\/"},"modified":"2026-03-20T00:30:04","modified_gmt":"2026-03-19T20:30:04","slug":"red-pepper-marinated-avshar-670g","status":"publish","type":"product","link":"https:\/\/b2b-armangroup.com\/fr\/produit\/red-pepper-marinated-avshar-670g\/","title":{"rendered":"Avshar-Poivron Rouge Marin\u00e9 \u2013 720g"},"content":{"rendered":"","protected":false},"excerpt":{"rendered":"<p class=\"p1\">Avshar Poivrons rouges marin\u00e9s 720 g. Poivrons rouges doux et tendres, conserv\u00e9s dans une saumure l\u00e9g\u00e8re. D\u00e9licieux en accompagnement, dans les salades ou en ap\u00e9ritif.<\/p>\n<p class=\"p2\"><b>Bo\u00eete de 8 bocaux.<\/b><\/p>\n<p>2.99\u20ac<\/p>","protected":false},"featured_media":16242,"comment_status":"open","ping_status":"closed","template":"","meta":{"_acf_changed":false},"product_brand":[],"product_cat":[174,194,176,198,186],"product_tag":[77,78],"class_list":{"0":"post-6365","1":"product","2":"type-product","3":"status-publish","4":"has-post-thumbnail","6":"product_cat-all-collections","7":"product_cat-avshar","8":"product_cat-canned-goods","9":"product_cat-canned-vegetables-all-brands","10":"product_cat-sales","11":"product_tag-avshar","12":"product_tag-78","14":"first","15":"instock","16":"shipping-taxable","17":"purchasable","18":"product-type-variable","19":"wvs-archive-product-wrapper"},"acf":[],"_links":{"self":[{"href":"https:\/\/b2b-armangroup.com\/fr\/wp-json\/wp\/v2\/product\/6365","targetHints":{"allow":["GET"]}}],"collection":[{"href":"https:\/\/b2b-armangroup.com\/fr\/wp-json\/wp\/v2\/product"}],"about":[{"href":"https:\/\/b2b-armangroup.com\/fr\/wp-json\/wp\/v2\/types\/product"}],"replies":[{"embeddable":true,"href":"https:\/\/b2b-armangroup.com\/fr\/wp-json\/wp\/v2\/comments?post=6365"}],"version-history":[{"count":7,"href":"https:\/\/b2b-armangroup.com\/fr\/wp-json\/wp\/v2\/product\/6365\/revisions"}],"predecessor-version":[{"id":13498,"href":"https:\/\/b2b-armangroup.com\/fr\/wp-json\/wp\/v2\/product\/6365\/revisions\/13498"}],"wp:featuredmedia":[{"embeddable":true,"href":"https:\/\/b2b-armangroup.com\/fr\/wp-json\/wp\/v2\/media\/16242"}],"wp:attachment":[{"href":"https:\/\/b2b-armangroup.com\/fr\/wp-json\/wp\/v2\/media?parent=6365"}],"wp:term":[{"taxonomy":"product_brand","embeddable":true,"href":"https:\/\/b2b-armangroup.com\/fr\/wp-json\/wp\/v2\/product_brand?post=6365"},{"taxonomy":"product_cat","embeddable":true,"href":"https:\/\/b2b-armangroup.com\/fr\/wp-json\/wp\/v2\/product_cat?post=6365"},{"taxonomy":"product_tag","embeddable":true,"href":"https:\/\/b2b-armangroup.com\/fr\/wp-json\/wp\/v2\/product_tag?post=6365"}],"curies":[{"name":"wp","href":"https:\/\/api.w.org\/{rel}","templated":true}]}}