{"id":6407,"date":"2025-03-16T15:35:34","date_gmt":"2025-03-16T11:35:34","guid":{"rendered":"https:\/\/b2b-armangroup.com\/product\/red-tomatoes-marinated-avshar-900g\/"},"modified":"2026-03-19T17:18:04","modified_gmt":"2026-03-19T13:18:04","slug":"red-tomatoes-marinated-avshar-900g","status":"publish","type":"product","link":"https:\/\/b2b-armangroup.com\/fr\/produit\/red-tomatoes-marinated-avshar-900g\/","title":{"rendered":"Avshar - Tomates rouges marin\u00e9es - 1kg"},"content":{"rendered":"","protected":false},"excerpt":{"rendered":"<p class=\"p1\">Avshar Tomates rouges marin\u00e9es 1 kg. Tomates enti\u00e8res bien m\u00fbres marin\u00e9es dans un m\u00e9lange savoureux d\u2019\u00e9pices et d\u2019herbes pour une saveur fra\u00eeche et \u00e9quilibr\u00e9e. Id\u00e9al pour les salades, les plats d\u2019accompagnement ou les repas arm\u00e9niens traditionnels.<\/p>\n<p>2,99 \u20ac<\/p>","protected":false},"featured_media":16226,"comment_status":"open","ping_status":"closed","template":"","meta":{"_acf_changed":false},"product_brand":[],"product_cat":[174,194,176,198,260],"product_tag":[77,78],"class_list":{"0":"post-6407","1":"product","2":"type-product","3":"status-publish","4":"has-post-thumbnail","6":"product_cat-all-collections","7":"product_cat-avshar","8":"product_cat-canned-goods","9":"product_cat-canned-vegetables-all-brands","10":"product_cat-new-products","11":"product_tag-avshar","12":"product_tag-78","14":"first","15":"instock","16":"shipping-taxable","17":"purchasable","18":"product-type-variable","19":"wvs-archive-product-wrapper"},"acf":[],"_links":{"self":[{"href":"https:\/\/b2b-armangroup.com\/fr\/wp-json\/wp\/v2\/product\/6407","targetHints":{"allow":["GET"]}}],"collection":[{"href":"https:\/\/b2b-armangroup.com\/fr\/wp-json\/wp\/v2\/product"}],"about":[{"href":"https:\/\/b2b-armangroup.com\/fr\/wp-json\/wp\/v2\/types\/product"}],"replies":[{"embeddable":true,"href":"https:\/\/b2b-armangroup.com\/fr\/wp-json\/wp\/v2\/comments?post=6407"}],"version-history":[{"count":7,"href":"https:\/\/b2b-armangroup.com\/fr\/wp-json\/wp\/v2\/product\/6407\/revisions"}],"predecessor-version":[{"id":14422,"href":"https:\/\/b2b-armangroup.com\/fr\/wp-json\/wp\/v2\/product\/6407\/revisions\/14422"}],"wp:featuredmedia":[{"embeddable":true,"href":"https:\/\/b2b-armangroup.com\/fr\/wp-json\/wp\/v2\/media\/16226"}],"wp:attachment":[{"href":"https:\/\/b2b-armangroup.com\/fr\/wp-json\/wp\/v2\/media?parent=6407"}],"wp:term":[{"taxonomy":"product_brand","embeddable":true,"href":"https:\/\/b2b-armangroup.com\/fr\/wp-json\/wp\/v2\/product_brand?post=6407"},{"taxonomy":"product_cat","embeddable":true,"href":"https:\/\/b2b-armangroup.com\/fr\/wp-json\/wp\/v2\/product_cat?post=6407"},{"taxonomy":"product_tag","embeddable":true,"href":"https:\/\/b2b-armangroup.com\/fr\/wp-json\/wp\/v2\/product_tag?post=6407"}],"curies":[{"name":"wp","href":"https:\/\/api.w.org\/{rel}","templated":true}]}}