{"id":6629,"date":"2025-03-16T15:35:46","date_gmt":"2025-03-16T11:35:46","guid":{"rendered":"https:\/\/b2b-armangroup.com\/product\/rye-crackers-3-korochki-with-bacon-flavor-80gr\/"},"modified":"2026-02-22T23:52:09","modified_gmt":"2026-02-22T19:52:09","slug":"rye-crackers-3-korochki-with-bacon-flavor-80gr","status":"publish","type":"product","link":"https:\/\/b2b-armangroup.com\/fr\/produit\/rye-crackers-3-korochki-with-bacon-flavor-80gr\/","title":{"rendered":"3 Korochki \u2014 Cro\u00fbtons de seigle go\u00fbt bacon 80 g"},"content":{"rendered":"","protected":false},"excerpt":{"rendered":"<p class=\"p1\">3 Korochki go\u00fbt bacon 80 g. Cro\u00fbtons de seigle croustillants avec une saveur fum\u00e9e et riche de bacon. Une collation savoureuse et gourmande, id\u00e9ale avec des boissons, des soupes ou \u00e0 d\u00e9guster seule. Format : 80 g.<\/p>\n<p>0,55 \u20ac per pack<\/p>","protected":false},"featured_media":13284,"comment_status":"open","ping_status":"closed","template":"","meta":{"_acf_changed":false},"product_brand":[],"product_cat":[238,235],"product_tag":[83],"class_list":{"0":"post-6629","1":"product","2":"type-product","3":"status-publish","4":"has-post-thumbnail","6":"product_cat-3-crusts","7":"product_cat-snacks","8":"product_tag-83","10":"first","11":"instock","12":"shipping-taxable","13":"purchasable","14":"product-type-variable","15":"wvs-archive-product-wrapper"},"acf":[],"_links":{"self":[{"href":"https:\/\/b2b-armangroup.com\/fr\/wp-json\/wp\/v2\/product\/6629","targetHints":{"allow":["GET"]}}],"collection":[{"href":"https:\/\/b2b-armangroup.com\/fr\/wp-json\/wp\/v2\/product"}],"about":[{"href":"https:\/\/b2b-armangroup.com\/fr\/wp-json\/wp\/v2\/types\/product"}],"replies":[{"embeddable":true,"href":"https:\/\/b2b-armangroup.com\/fr\/wp-json\/wp\/v2\/comments?post=6629"}],"version-history":[{"count":6,"href":"https:\/\/b2b-armangroup.com\/fr\/wp-json\/wp\/v2\/product\/6629\/revisions"}],"predecessor-version":[{"id":15614,"href":"https:\/\/b2b-armangroup.com\/fr\/wp-json\/wp\/v2\/product\/6629\/revisions\/15614"}],"wp:featuredmedia":[{"embeddable":true,"href":"https:\/\/b2b-armangroup.com\/fr\/wp-json\/wp\/v2\/media\/13284"}],"wp:attachment":[{"href":"https:\/\/b2b-armangroup.com\/fr\/wp-json\/wp\/v2\/media?parent=6629"}],"wp:term":[{"taxonomy":"product_brand","embeddable":true,"href":"https:\/\/b2b-armangroup.com\/fr\/wp-json\/wp\/v2\/product_brand?post=6629"},{"taxonomy":"product_cat","embeddable":true,"href":"https:\/\/b2b-armangroup.com\/fr\/wp-json\/wp\/v2\/product_cat?post=6629"},{"taxonomy":"product_tag","embeddable":true,"href":"https:\/\/b2b-armangroup.com\/fr\/wp-json\/wp\/v2\/product_tag?post=6629"}],"curies":[{"name":"wp","href":"https:\/\/api.w.org\/{rel}","templated":true}]}}