{"id":6654,"date":"2025-03-16T15:35:47","date_gmt":"2025-03-16T11:35:47","guid":{"rendered":"https:\/\/b2b-armangroup.com\/product\/rye-crackers-3-korochki-with-tomato-and-greens-flavor-120gr\/"},"modified":"2026-02-24T16:51:11","modified_gmt":"2026-02-24T12:51:11","slug":"rye-crackers-3-korochki-with-tomato-and-greens-flavor-120gr","status":"publish","type":"product","link":"https:\/\/b2b-armangroup.com\/fr\/produit\/rye-crackers-3-korochki-with-tomato-and-greens-flavor-120gr\/","title":{"rendered":"3 Korochki \u2014 Cro\u00fbtons de seigle go\u00fbt tomate et herbes 120 g"},"content":{"rendered":"","protected":false},"excerpt":{"rendered":"<p class=\"p1\">3 Korochki go\u00fbt tomate et herbes 120 g. Cro\u00fbtons de seigle croustillants avec la fra\u00eecheur de la tomate m\u00fbre et des herbes aromatiques. L\u00e9g\u00e8rement assaisonn\u00e9s pour un \u00e9quilibre savoureux, parfaits en accompagnement de boissons, de soupes ou comme en-cas seul. Format : 120 g.<\/p>\n<p>0,65 \u20ac per pack<\/p>","protected":false},"featured_media":12558,"comment_status":"open","ping_status":"closed","template":"","meta":{"_acf_changed":false},"product_brand":[],"product_cat":[238,235],"product_tag":[83],"class_list":{"0":"post-6654","1":"product","2":"type-product","3":"status-publish","4":"has-post-thumbnail","6":"product_cat-3-crusts","7":"product_cat-snacks","8":"product_tag-83","10":"first","11":"instock","12":"shipping-taxable","13":"purchasable","14":"product-type-variable","15":"wvs-archive-product-wrapper"},"acf":[],"_links":{"self":[{"href":"https:\/\/b2b-armangroup.com\/fr\/wp-json\/wp\/v2\/product\/6654","targetHints":{"allow":["GET"]}}],"collection":[{"href":"https:\/\/b2b-armangroup.com\/fr\/wp-json\/wp\/v2\/product"}],"about":[{"href":"https:\/\/b2b-armangroup.com\/fr\/wp-json\/wp\/v2\/types\/product"}],"replies":[{"embeddable":true,"href":"https:\/\/b2b-armangroup.com\/fr\/wp-json\/wp\/v2\/comments?post=6654"}],"version-history":[{"count":6,"href":"https:\/\/b2b-armangroup.com\/fr\/wp-json\/wp\/v2\/product\/6654\/revisions"}],"predecessor-version":[{"id":15670,"href":"https:\/\/b2b-armangroup.com\/fr\/wp-json\/wp\/v2\/product\/6654\/revisions\/15670"}],"wp:featuredmedia":[{"embeddable":true,"href":"https:\/\/b2b-armangroup.com\/fr\/wp-json\/wp\/v2\/media\/12558"}],"wp:attachment":[{"href":"https:\/\/b2b-armangroup.com\/fr\/wp-json\/wp\/v2\/media?parent=6654"}],"wp:term":[{"taxonomy":"product_brand","embeddable":true,"href":"https:\/\/b2b-armangroup.com\/fr\/wp-json\/wp\/v2\/product_brand?post=6654"},{"taxonomy":"product_cat","embeddable":true,"href":"https:\/\/b2b-armangroup.com\/fr\/wp-json\/wp\/v2\/product_cat?post=6654"},{"taxonomy":"product_tag","embeddable":true,"href":"https:\/\/b2b-armangroup.com\/fr\/wp-json\/wp\/v2\/product_tag?post=6654"}],"curies":[{"name":"wp","href":"https:\/\/api.w.org\/{rel}","templated":true}]}}