{"id":6776,"date":"2025-03-16T15:35:55","date_gmt":"2025-03-16T11:35:55","guid":{"rendered":"https:\/\/b2b-armangroup.com\/product\/shocochella-400g\/"},"modified":"2026-05-06T12:13:32","modified_gmt":"2026-05-06T08:13:32","slug":"shocochella-400g","status":"publish","type":"product","link":"https:\/\/b2b-armangroup.com\/fr\/produit\/shocochella-400g\/","title":{"rendered":"Chocochella 400g"},"content":{"rendered":"","protected":false},"excerpt":{"rendered":"<p class=\"p1\">Chocochella 400 g. Un assortiment exquis de douceurs artisanales au chocolat, pr\u00e9par\u00e9es \u00e0 partir de fruits, de noix et d\u2019ingr\u00e9dients naturels de premi\u00e8re qualit\u00e9. Chaque pi\u00e8ce est enrob\u00e9e de chocolat noir ou au lait, d\u00e9cor\u00e9e de noix de coco, de noisettes ou de poudre de cacao. Une v\u00e9ritable c\u00e9l\u00e9bration du savoir-faire arm\u00e9nien \u2014 \u00e9l\u00e9gante, \u00e9quilibr\u00e9e et inoubliable.<\/p>\n<p>5,25\u20ac<\/p>","protected":false},"featured_media":14831,"comment_status":"open","ping_status":"closed","template":"","meta":{"_acf_changed":false},"product_brand":[],"product_cat":[174,197,251,181,218],"product_tag":[99],"class_list":{"0":"post-6776","1":"product","2":"type-product","3":"status-publish","4":"has-post-thumbnail","6":"product_cat-all-collections","7":"product_cat-candies","8":"product_cat-dried-fruits-dried-fruits","9":"product_cat-dried-fruits","10":"product_cat-sweets","11":"product_tag-candy","13":"first","14":"outofstock","15":"sale","16":"shipping-taxable","17":"purchasable","18":"product-type-variable","19":"wvs-archive-product-wrapper"},"acf":[],"_links":{"self":[{"href":"https:\/\/b2b-armangroup.com\/fr\/wp-json\/wp\/v2\/product\/6776","targetHints":{"allow":["GET"]}}],"collection":[{"href":"https:\/\/b2b-armangroup.com\/fr\/wp-json\/wp\/v2\/product"}],"about":[{"href":"https:\/\/b2b-armangroup.com\/fr\/wp-json\/wp\/v2\/types\/product"}],"replies":[{"embeddable":true,"href":"https:\/\/b2b-armangroup.com\/fr\/wp-json\/wp\/v2\/comments?post=6776"}],"version-history":[{"count":8,"href":"https:\/\/b2b-armangroup.com\/fr\/wp-json\/wp\/v2\/product\/6776\/revisions"}],"predecessor-version":[{"id":16682,"href":"https:\/\/b2b-armangroup.com\/fr\/wp-json\/wp\/v2\/product\/6776\/revisions\/16682"}],"wp:featuredmedia":[{"embeddable":true,"href":"https:\/\/b2b-armangroup.com\/fr\/wp-json\/wp\/v2\/media\/14831"}],"wp:attachment":[{"href":"https:\/\/b2b-armangroup.com\/fr\/wp-json\/wp\/v2\/media?parent=6776"}],"wp:term":[{"taxonomy":"product_brand","embeddable":true,"href":"https:\/\/b2b-armangroup.com\/fr\/wp-json\/wp\/v2\/product_brand?post=6776"},{"taxonomy":"product_cat","embeddable":true,"href":"https:\/\/b2b-armangroup.com\/fr\/wp-json\/wp\/v2\/product_cat?post=6776"},{"taxonomy":"product_tag","embeddable":true,"href":"https:\/\/b2b-armangroup.com\/fr\/wp-json\/wp\/v2\/product_tag?post=6776"}],"curies":[{"name":"wp","href":"https:\/\/api.w.org\/{rel}","templated":true}]}}