{"id":6858,"date":"2025-03-16T15:36:00","date_gmt":"2025-03-16T11:36:00","guid":{"rendered":"https:\/\/b2b-armangroup.com\/product\/soft-carbonated-lemonade-darbas-pear-0-5l\/"},"modified":"2025-12-14T14:12:41","modified_gmt":"2025-12-14T10:12:41","slug":"soft-carbonated-lemonade-darbas-pear-0-5l","status":"publish","type":"product","link":"https:\/\/b2b-armangroup.com\/fr\/produit\/soft-carbonated-lemonade-darbas-pear-0-5l\/","title":{"rendered":"Darbas - Limonade P\u00e9tillante Poire - 0.5L"},"content":{"rendered":"","protected":false},"excerpt":{"rendered":"<p class=\"p1\">Limonade p\u00e9tillante arm\u00e9nienne au go\u00fbt de poire.<\/p>\n<p class=\"p1\">1,09\u20ac<\/p>","protected":false},"featured_media":14946,"comment_status":"open","ping_status":"closed","template":"","meta":{"_acf_changed":false},"product_brand":[],"product_cat":[188,225],"product_tag":[117],"class_list":{"0":"post-6858","1":"product","2":"type-product","3":"status-publish","4":"has-post-thumbnail","6":"product_cat-drinks-beverages","7":"product_cat-lemonade","8":"product_tag-117","10":"first","11":"instock","12":"shipping-taxable","13":"purchasable","14":"product-type-variable","15":"wvs-archive-product-wrapper"},"acf":[],"_links":{"self":[{"href":"https:\/\/b2b-armangroup.com\/fr\/wp-json\/wp\/v2\/product\/6858","targetHints":{"allow":["GET"]}}],"collection":[{"href":"https:\/\/b2b-armangroup.com\/fr\/wp-json\/wp\/v2\/product"}],"about":[{"href":"https:\/\/b2b-armangroup.com\/fr\/wp-json\/wp\/v2\/types\/product"}],"replies":[{"embeddable":true,"href":"https:\/\/b2b-armangroup.com\/fr\/wp-json\/wp\/v2\/comments?post=6858"}],"version-history":[{"count":8,"href":"https:\/\/b2b-armangroup.com\/fr\/wp-json\/wp\/v2\/product\/6858\/revisions"}],"predecessor-version":[{"id":15160,"href":"https:\/\/b2b-armangroup.com\/fr\/wp-json\/wp\/v2\/product\/6858\/revisions\/15160"}],"wp:featuredmedia":[{"embeddable":true,"href":"https:\/\/b2b-armangroup.com\/fr\/wp-json\/wp\/v2\/media\/14946"}],"wp:attachment":[{"href":"https:\/\/b2b-armangroup.com\/fr\/wp-json\/wp\/v2\/media?parent=6858"}],"wp:term":[{"taxonomy":"product_brand","embeddable":true,"href":"https:\/\/b2b-armangroup.com\/fr\/wp-json\/wp\/v2\/product_brand?post=6858"},{"taxonomy":"product_cat","embeddable":true,"href":"https:\/\/b2b-armangroup.com\/fr\/wp-json\/wp\/v2\/product_cat?post=6858"},{"taxonomy":"product_tag","embeddable":true,"href":"https:\/\/b2b-armangroup.com\/fr\/wp-json\/wp\/v2\/product_tag?post=6858"}],"curies":[{"name":"wp","href":"https:\/\/api.w.org\/{rel}","templated":true}]}}