{"id":6990,"date":"2025-03-16T15:36:08","date_gmt":"2025-03-16T11:36:08","guid":{"rendered":"https:\/\/b2b-armangroup.com\/product\/spelt-wheat-achar-ambar-0-9-kg\/"},"modified":"2026-03-12T12:41:34","modified_gmt":"2026-03-12T08:41:34","slug":"spelt-wheat-achar-ambar-0-9-kg","status":"publish","type":"product","link":"https:\/\/b2b-armangroup.com\/fr\/produit\/spelt-wheat-achar-ambar-0-9-kg\/","title":{"rendered":"Epeautre Ambar 0,9 kg"},"content":{"rendered":"","protected":false},"excerpt":{"rendered":"<p class=\"p1\">High-quality spelt wheat, a traditional Armenian grain also known as <i>Achar<\/i>Bl\u00e9 \u00e9peautre de qualit\u00e9, un grain traditionnel arm\u00e9nien aussi appel\u00e9 Achar. Riche en fibres, prot\u00e9ines et min\u00e9raux essentiels, appr\u00e9ci\u00e9 pour sa saveur de noisette et ses bienfaits pour la sant\u00e9. Id\u00e9al pour les pilafs, soupes, bouillies ou comme accompagnement nutritif. Emballage pratique de 0,9 kg sign\u00e9 Ambar. <span class=\"s1\"><b>Ambar<\/b><\/span>.<\/p>\n<p>1,99\u20ac per pack<\/p>","protected":false},"featured_media":14612,"comment_status":"open","ping_status":"closed","template":"","meta":{"_acf_changed":false},"product_brand":[],"product_cat":[174,184],"product_tag":[159,102],"class_list":{"0":"post-6990","1":"product","2":"type-product","3":"status-publish","4":"has-post-thumbnail","6":"product_cat-all-collections","7":"product_cat-grains","8":"product_tag-159","9":"product_tag-102","11":"first","12":"instock","13":"shipping-taxable","14":"purchasable","15":"product-type-variable","16":"wvs-archive-product-wrapper"},"acf":[],"_links":{"self":[{"href":"https:\/\/b2b-armangroup.com\/fr\/wp-json\/wp\/v2\/product\/6990","targetHints":{"allow":["GET"]}}],"collection":[{"href":"https:\/\/b2b-armangroup.com\/fr\/wp-json\/wp\/v2\/product"}],"about":[{"href":"https:\/\/b2b-armangroup.com\/fr\/wp-json\/wp\/v2\/types\/product"}],"replies":[{"embeddable":true,"href":"https:\/\/b2b-armangroup.com\/fr\/wp-json\/wp\/v2\/comments?post=6990"}],"version-history":[{"count":5,"href":"https:\/\/b2b-armangroup.com\/fr\/wp-json\/wp\/v2\/product\/6990\/revisions"}],"predecessor-version":[{"id":14737,"href":"https:\/\/b2b-armangroup.com\/fr\/wp-json\/wp\/v2\/product\/6990\/revisions\/14737"}],"wp:featuredmedia":[{"embeddable":true,"href":"https:\/\/b2b-armangroup.com\/fr\/wp-json\/wp\/v2\/media\/14612"}],"wp:attachment":[{"href":"https:\/\/b2b-armangroup.com\/fr\/wp-json\/wp\/v2\/media?parent=6990"}],"wp:term":[{"taxonomy":"product_brand","embeddable":true,"href":"https:\/\/b2b-armangroup.com\/fr\/wp-json\/wp\/v2\/product_brand?post=6990"},{"taxonomy":"product_cat","embeddable":true,"href":"https:\/\/b2b-armangroup.com\/fr\/wp-json\/wp\/v2\/product_cat?post=6990"},{"taxonomy":"product_tag","embeddable":true,"href":"https:\/\/b2b-armangroup.com\/fr\/wp-json\/wp\/v2\/product_tag?post=6990"}],"curies":[{"name":"wp","href":"https:\/\/api.w.org\/{rel}","templated":true}]}}