{"id":7046,"date":"2025-03-16T15:36:12","date_gmt":"2025-03-16T11:36:12","guid":{"rendered":"https:\/\/b2b-armangroup.com\/product\/%d5%af%d5%ae%d5%b8%d6%82-%d5%ae%d5%ab%d5%ae%d5%a1%d5%af-%d5%a1%d5%b4%d6%80%d5%ab%d5%bf%d5%a1-450%d5%a3\/"},"modified":"2026-04-06T21:40:00","modified_gmt":"2026-04-06T17:40:00","slug":"%d5%af%d5%ae%d5%b8%d6%82-%d5%ae%d5%ab%d5%ae%d5%a1%d5%af-%d5%a1%d5%b4%d6%80%d5%ab%d5%bf%d5%a1-450%d5%a3","status":"publish","type":"product","link":"https:\/\/b2b-armangroup.com\/fr\/produit\/%d5%af%d5%ae%d5%b8%d6%82-%d5%ae%d5%ab%d5%ae%d5%a1%d5%af-%d5%a1%d5%b4%d6%80%d5%ab%d5%bf%d5%a1-450%d5%a3\/","title":{"rendered":"Amrita - Poivrons \u00e9pic\u00e9s en sauce \u00e0 l'ail - 450g"},"content":{"rendered":"","protected":false},"excerpt":{"rendered":"<p class=\"p1\">Amrita Piments \u00e9pic\u00e9s \u00e0 la sauce \u00e0 l\u2019ail 450 g. Un m\u00e9lange relev\u00e9 et parfum\u00e9 de piments forts marin\u00e9s dans une sauce \u00e0 l\u2019ail et aux herbes. Parfait pour relever les viandes grill\u00e9es, les sandwichs ou les plats traditionnels.<\/p>\n<p>2,99 \u20ac<\/p>","protected":false},"featured_media":16482,"comment_status":"open","ping_status":"closed","template":"","meta":{"_acf_changed":false},"product_brand":[],"product_cat":[174,190,176,198],"product_tag":[78,161,80],"class_list":{"0":"post-7046","1":"product","2":"type-product","3":"status-publish","4":"has-post-thumbnail","6":"product_cat-all-collections","7":"product_cat-amrita","8":"product_cat-canned-goods","9":"product_cat-canned-vegetables-all-brands","10":"product_tag-78","11":"product_tag-161","12":"product_tag-80","14":"first","15":"instock","16":"shipping-taxable","17":"purchasable","18":"product-type-variable","19":"wvs-archive-product-wrapper"},"acf":[],"_links":{"self":[{"href":"https:\/\/b2b-armangroup.com\/fr\/wp-json\/wp\/v2\/product\/7046","targetHints":{"allow":["GET"]}}],"collection":[{"href":"https:\/\/b2b-armangroup.com\/fr\/wp-json\/wp\/v2\/product"}],"about":[{"href":"https:\/\/b2b-armangroup.com\/fr\/wp-json\/wp\/v2\/types\/product"}],"replies":[{"embeddable":true,"href":"https:\/\/b2b-armangroup.com\/fr\/wp-json\/wp\/v2\/comments?post=7046"}],"version-history":[{"count":8,"href":"https:\/\/b2b-armangroup.com\/fr\/wp-json\/wp\/v2\/product\/7046\/revisions"}],"predecessor-version":[{"id":15172,"href":"https:\/\/b2b-armangroup.com\/fr\/wp-json\/wp\/v2\/product\/7046\/revisions\/15172"}],"wp:featuredmedia":[{"embeddable":true,"href":"https:\/\/b2b-armangroup.com\/fr\/wp-json\/wp\/v2\/media\/16482"}],"wp:attachment":[{"href":"https:\/\/b2b-armangroup.com\/fr\/wp-json\/wp\/v2\/media?parent=7046"}],"wp:term":[{"taxonomy":"product_brand","embeddable":true,"href":"https:\/\/b2b-armangroup.com\/fr\/wp-json\/wp\/v2\/product_brand?post=7046"},{"taxonomy":"product_cat","embeddable":true,"href":"https:\/\/b2b-armangroup.com\/fr\/wp-json\/wp\/v2\/product_cat?post=7046"},{"taxonomy":"product_tag","embeddable":true,"href":"https:\/\/b2b-armangroup.com\/fr\/wp-json\/wp\/v2\/product_tag?post=7046"}],"curies":[{"name":"wp","href":"https:\/\/api.w.org\/{rel}","templated":true}]}}