{"id":7142,"date":"2025-03-16T15:36:17","date_gmt":"2025-03-16T11:36:17","guid":{"rendered":"https:\/\/b2b-armangroup.com\/product\/%d5%bd%d5%b8%d6%82%d5%bb%d5%b8%d6%82%d5%ad-%d5%b0%d5%a1%d5%b5%d5%af%d5%a1%d5%af%d5%a1%d5%b6-1-%d5%af%d5%a3\/"},"modified":"2025-11-05T18:27:19","modified_gmt":"2025-11-05T14:27:19","slug":"%d5%bd%d5%b8%d6%82%d5%bb%d5%b8%d6%82%d5%ad-%d5%b0%d5%a1%d5%b5%d5%af%d5%a1%d5%af%d5%a1%d5%b6-1-%d5%af%d5%a3","status":"publish","type":"product","link":"https:\/\/b2b-armangroup.com\/fr\/produit\/%d5%bd%d5%b8%d6%82%d5%bb%d5%b8%d6%82%d5%ad-%d5%b0%d5%a1%d5%b5%d5%af%d5%a1%d5%af%d5%a1%d5%b6-1-%d5%af%d5%a3\/","title":{"rendered":"Sujukh 1 kg"},"content":{"rendered":"","protected":false},"excerpt":{"rendered":"<p class=\"p1\">Sujukh arm\u00e9nien authentique \u2013 une saucisse s\u00e8che pr\u00e9par\u00e9e \u00e0 partir de b\u0153uf s\u00e9lectionn\u00e9, d\u2019\u00e9pices riches et de m\u00e9thodes de s\u00e9chage naturelles. Connu pour sa saveur intense et sa texture ferme, le Sujukh est une d\u00e9licatesse traditionnelle, id\u00e9ale en ap\u00e9ritif avec du fromage, des cornichons et du brandy arm\u00e9nien. Paquet de 1kg.<\/p>\n<p>26,95 \u20ac per kg<\/p>","protected":false},"featured_media":8974,"comment_status":"open","ping_status":"closed","template":"","meta":{"_acf_changed":false},"product_brand":[],"product_cat":[174,175,229,231],"product_tag":[80,163],"class_list":{"0":"post-7142","1":"product","2":"type-product","3":"status-publish","4":"has-post-thumbnail","6":"product_cat-all-collections","7":"product_cat-basturma-sujukh-khash-qyufta-lavash-ghavourma","8":"product_cat-meat-products","9":"product_cat-sujux","10":"product_tag-80","11":"product_tag-163","13":"first","14":"instock","15":"shipping-taxable","16":"purchasable","17":"product-type-variable","18":"wvs-archive-product-wrapper"},"acf":[],"_links":{"self":[{"href":"https:\/\/b2b-armangroup.com\/fr\/wp-json\/wp\/v2\/product\/7142","targetHints":{"allow":["GET"]}}],"collection":[{"href":"https:\/\/b2b-armangroup.com\/fr\/wp-json\/wp\/v2\/product"}],"about":[{"href":"https:\/\/b2b-armangroup.com\/fr\/wp-json\/wp\/v2\/types\/product"}],"replies":[{"embeddable":true,"href":"https:\/\/b2b-armangroup.com\/fr\/wp-json\/wp\/v2\/comments?post=7142"}],"version-history":[{"count":4,"href":"https:\/\/b2b-armangroup.com\/fr\/wp-json\/wp\/v2\/product\/7142\/revisions"}],"predecessor-version":[{"id":13246,"href":"https:\/\/b2b-armangroup.com\/fr\/wp-json\/wp\/v2\/product\/7142\/revisions\/13246"}],"wp:featuredmedia":[{"embeddable":true,"href":"https:\/\/b2b-armangroup.com\/fr\/wp-json\/wp\/v2\/media\/8974"}],"wp:attachment":[{"href":"https:\/\/b2b-armangroup.com\/fr\/wp-json\/wp\/v2\/media?parent=7142"}],"wp:term":[{"taxonomy":"product_brand","embeddable":true,"href":"https:\/\/b2b-armangroup.com\/fr\/wp-json\/wp\/v2\/product_brand?post=7142"},{"taxonomy":"product_cat","embeddable":true,"href":"https:\/\/b2b-armangroup.com\/fr\/wp-json\/wp\/v2\/product_cat?post=7142"},{"taxonomy":"product_tag","embeddable":true,"href":"https:\/\/b2b-armangroup.com\/fr\/wp-json\/wp\/v2\/product_tag?post=7142"}],"curies":[{"name":"wp","href":"https:\/\/api.w.org\/{rel}","templated":true}]}}