{"id":7198,"date":"2025-03-16T15:36:20","date_gmt":"2025-03-16T11:36:20","guid":{"rendered":"https:\/\/b2b-armangroup.com\/product\/%d5%a1%d6%80%d6%87%d5%a1%d5%ae%d5%a1%d5%b2%d5%af%d5%ab-%d5%bd%d5%a5%d6%80%d5%b4%d5%a5%d6%80-%d5%bd%d6%87-%d5%a1%d5%b2%d5%b8%d5%be-%d5%a2%d5%b8%d5%be%d5%a1%d5%ae-%d6%85%d5%bf-%d5%b4%d5%a1%d6%80%d5%bf\/"},"modified":"2026-04-10T13:21:46","modified_gmt":"2026-04-10T09:21:46","slug":"%d5%a1%d6%80%d6%87%d5%a1%d5%ae%d5%a1%d5%b2%d5%af%d5%ab-%d5%bd%d5%a5%d6%80%d5%b4%d5%a5%d6%80-%d5%bd%d6%87-%d5%a1%d5%b2%d5%b8%d5%be-%d5%a2%d5%b8%d5%be%d5%a1%d5%ae-%d6%85%d5%bf-%d5%b4%d5%a1%d6%80%d5%bf","status":"publish","type":"product","link":"https:\/\/b2b-armangroup.com\/fr\/produit\/%d5%a1%d6%80%d6%87%d5%a1%d5%ae%d5%a1%d5%b2%d5%af%d5%ab-%d5%bd%d5%a5%d6%80%d5%b4%d5%a5%d6%80-%d5%bd%d6%87-%d5%a1%d5%b2%d5%b8%d5%be-%d5%a2%d5%b8%d5%be%d5%a1%d5%ae-%d6%85%d5%bf-%d5%b4%d5%a1%d6%80%d5%bf\/","title":{"rendered":"\u00ab Ot Martina \u00bb Graines de tournesol sal\u00e9es \u2013 200g"},"content":{"rendered":"","protected":false},"excerpt":{"rendered":"<p class=\"p1\">Graines de tournesol grill\u00e9es et croustillantes, l\u00e9g\u00e8rement sal\u00e9es pour une saveur classique et savoureuse. Un en-cas riche en vitamines et en huiles saines. Paquet : 200g.<\/p>\n<p>2,20 \u20ac per pack<\/p>","protected":false},"featured_media":14785,"comment_status":"open","ping_status":"closed","template":"","meta":{"_acf_changed":false},"product_brand":[],"product_cat":[174,235,237],"product_tag":[83],"class_list":{"0":"post-7198","1":"product","2":"type-product","3":"status-publish","4":"has-post-thumbnail","6":"product_cat-all-collections","7":"product_cat-snacks","8":"product_cat-sunflower-seeds","9":"product_tag-83","11":"first","12":"instock","13":"shipping-taxable","14":"purchasable","15":"product-type-variable","16":"wvs-archive-product-wrapper"},"acf":[],"_links":{"self":[{"href":"https:\/\/b2b-armangroup.com\/fr\/wp-json\/wp\/v2\/product\/7198","targetHints":{"allow":["GET"]}}],"collection":[{"href":"https:\/\/b2b-armangroup.com\/fr\/wp-json\/wp\/v2\/product"}],"about":[{"href":"https:\/\/b2b-armangroup.com\/fr\/wp-json\/wp\/v2\/types\/product"}],"replies":[{"embeddable":true,"href":"https:\/\/b2b-armangroup.com\/fr\/wp-json\/wp\/v2\/comments?post=7198"}],"version-history":[{"count":12,"href":"https:\/\/b2b-armangroup.com\/fr\/wp-json\/wp\/v2\/product\/7198\/revisions"}],"predecessor-version":[{"id":16549,"href":"https:\/\/b2b-armangroup.com\/fr\/wp-json\/wp\/v2\/product\/7198\/revisions\/16549"}],"wp:featuredmedia":[{"embeddable":true,"href":"https:\/\/b2b-armangroup.com\/fr\/wp-json\/wp\/v2\/media\/14785"}],"wp:attachment":[{"href":"https:\/\/b2b-armangroup.com\/fr\/wp-json\/wp\/v2\/media?parent=7198"}],"wp:term":[{"taxonomy":"product_brand","embeddable":true,"href":"https:\/\/b2b-armangroup.com\/fr\/wp-json\/wp\/v2\/product_brand?post=7198"},{"taxonomy":"product_cat","embeddable":true,"href":"https:\/\/b2b-armangroup.com\/fr\/wp-json\/wp\/v2\/product_cat?post=7198"},{"taxonomy":"product_tag","embeddable":true,"href":"https:\/\/b2b-armangroup.com\/fr\/wp-json\/wp\/v2\/product_tag?post=7198"}],"curies":[{"name":"wp","href":"https:\/\/api.w.org\/{rel}","templated":true}]}}