{"id":7210,"date":"2025-03-16T15:36:20","date_gmt":"2025-03-16T11:36:20","guid":{"rendered":"https:\/\/b2b-armangroup.com\/product\/copy-of-sunflower-seeds-salted-ot-martina-200g\/"},"modified":"2026-04-10T13:22:08","modified_gmt":"2026-04-10T09:22:08","slug":"copy-of-sunflower-seeds-salted-ot-martina-200g","status":"publish","type":"product","link":"https:\/\/b2b-armangroup.com\/fr\/produit\/copy-of-sunflower-seeds-salted-ot-martina-200g\/","title":{"rendered":"\u00ab Ot Martina \u00bb Graines de tournesol sal\u00e9es \u2013 500g"},"content":{"rendered":"","protected":false},"excerpt":{"rendered":"<p class=\"p1\">Grand format de graines de tournesol sal\u00e9es et croustillantes \u2014 la m\u00eame saveur appr\u00e9ci\u00e9e, d\u00e9sormais en paquet de 500g. Id\u00e9al pour la famille, entre amis ou pour de longs moments de convivialit\u00e9.<\/p>\n<p>4,65\u20ac per pack<\/p>","protected":false},"featured_media":14783,"comment_status":"open","ping_status":"closed","template":"","meta":{"_acf_changed":false},"product_brand":[],"product_cat":[174,235,237],"product_tag":[83],"class_list":{"0":"post-7210","1":"product","2":"type-product","3":"status-publish","4":"has-post-thumbnail","6":"product_cat-all-collections","7":"product_cat-snacks","8":"product_cat-sunflower-seeds","9":"product_tag-83","11":"first","12":"instock","13":"shipping-taxable","14":"purchasable","15":"product-type-variable","16":"wvs-archive-product-wrapper"},"acf":[],"_links":{"self":[{"href":"https:\/\/b2b-armangroup.com\/fr\/wp-json\/wp\/v2\/product\/7210","targetHints":{"allow":["GET"]}}],"collection":[{"href":"https:\/\/b2b-armangroup.com\/fr\/wp-json\/wp\/v2\/product"}],"about":[{"href":"https:\/\/b2b-armangroup.com\/fr\/wp-json\/wp\/v2\/types\/product"}],"replies":[{"embeddable":true,"href":"https:\/\/b2b-armangroup.com\/fr\/wp-json\/wp\/v2\/comments?post=7210"}],"version-history":[{"count":12,"href":"https:\/\/b2b-armangroup.com\/fr\/wp-json\/wp\/v2\/product\/7210\/revisions"}],"predecessor-version":[{"id":16550,"href":"https:\/\/b2b-armangroup.com\/fr\/wp-json\/wp\/v2\/product\/7210\/revisions\/16550"}],"wp:featuredmedia":[{"embeddable":true,"href":"https:\/\/b2b-armangroup.com\/fr\/wp-json\/wp\/v2\/media\/14783"}],"wp:attachment":[{"href":"https:\/\/b2b-armangroup.com\/fr\/wp-json\/wp\/v2\/media?parent=7210"}],"wp:term":[{"taxonomy":"product_brand","embeddable":true,"href":"https:\/\/b2b-armangroup.com\/fr\/wp-json\/wp\/v2\/product_brand?post=7210"},{"taxonomy":"product_cat","embeddable":true,"href":"https:\/\/b2b-armangroup.com\/fr\/wp-json\/wp\/v2\/product_cat?post=7210"},{"taxonomy":"product_tag","embeddable":true,"href":"https:\/\/b2b-armangroup.com\/fr\/wp-json\/wp\/v2\/product_tag?post=7210"}],"curies":[{"name":"wp","href":"https:\/\/api.w.org\/{rel}","templated":true}]}}