{"id":7223,"date":"2025-03-16T15:36:22","date_gmt":"2025-03-16T11:36:22","guid":{"rendered":"https:\/\/b2b-armangroup.com\/product\/sunflower-seeds-salted-arevik-500g\/"},"modified":"2025-10-07T17:56:13","modified_gmt":"2025-10-07T13:56:13","slug":"sunflower-seeds-salted-arevik-500g","status":"publish","type":"product","link":"https:\/\/b2b-armangroup.com\/fr\/produit\/sunflower-seeds-salted-arevik-500g\/","title":{"rendered":"Graines de tournesol sal\u00e9es Arevik 500g"},"content":{"rendered":"","protected":false},"excerpt":{"rendered":"<p class=\"p1\">Graines de tournesol sal\u00e9es de qualit\u00e9 sup\u00e9rieure par Arevik. Un g\u00e9n\u00e9reux sachet de 500g, id\u00e9al \u00e0 partager ou pour un encas durable.<\/p>\n<p>3,96 \u20ac per pack<\/p>","protected":false},"featured_media":8997,"comment_status":"open","ping_status":"closed","template":"","meta":{"_acf_changed":false},"product_brand":[],"product_cat":[235,237],"product_tag":[83],"class_list":{"0":"post-7223","1":"product","2":"type-product","3":"status-publish","4":"has-post-thumbnail","6":"product_cat-snacks","7":"product_cat-sunflower-seeds","8":"product_tag-83","10":"first","11":"outofstock","12":"shipping-taxable","13":"purchasable","14":"product-type-variable","15":"wvs-archive-product-wrapper"},"acf":[],"_links":{"self":[{"href":"https:\/\/b2b-armangroup.com\/fr\/wp-json\/wp\/v2\/product\/7223","targetHints":{"allow":["GET"]}}],"collection":[{"href":"https:\/\/b2b-armangroup.com\/fr\/wp-json\/wp\/v2\/product"}],"about":[{"href":"https:\/\/b2b-armangroup.com\/fr\/wp-json\/wp\/v2\/types\/product"}],"replies":[{"embeddable":true,"href":"https:\/\/b2b-armangroup.com\/fr\/wp-json\/wp\/v2\/comments?post=7223"}],"version-history":[{"count":3,"href":"https:\/\/b2b-armangroup.com\/fr\/wp-json\/wp\/v2\/product\/7223\/revisions"}],"predecessor-version":[{"id":13241,"href":"https:\/\/b2b-armangroup.com\/fr\/wp-json\/wp\/v2\/product\/7223\/revisions\/13241"}],"wp:featuredmedia":[{"embeddable":true,"href":"https:\/\/b2b-armangroup.com\/fr\/wp-json\/wp\/v2\/media\/8997"}],"wp:attachment":[{"href":"https:\/\/b2b-armangroup.com\/fr\/wp-json\/wp\/v2\/media?parent=7223"}],"wp:term":[{"taxonomy":"product_brand","embeddable":true,"href":"https:\/\/b2b-armangroup.com\/fr\/wp-json\/wp\/v2\/product_brand?post=7223"},{"taxonomy":"product_cat","embeddable":true,"href":"https:\/\/b2b-armangroup.com\/fr\/wp-json\/wp\/v2\/product_cat?post=7223"},{"taxonomy":"product_tag","embeddable":true,"href":"https:\/\/b2b-armangroup.com\/fr\/wp-json\/wp\/v2\/product_tag?post=7223"}],"curies":[{"name":"wp","href":"https:\/\/api.w.org\/{rel}","templated":true}]}}