{"id":7234,"date":"2025-03-16T15:36:22","date_gmt":"2025-03-16T11:36:22","guid":{"rendered":"https:\/\/b2b-armangroup.com\/product\/%d5%a1%d6%80%d6%87%d5%a1%d5%ae%d5%a1%d5%b2%d5%af%d5%ab-%d5%bd%d5%a5%d6%80%d5%b4%d5%a5%d6%80-%d5%bd%d6%87-%d5%a2%d5%b8%d5%be%d5%a1%d5%ae-%d5%b0%d5%a1%d5%bf%d5%a8%d5%b6%d5%bf%d5%ab%d6%80-200%d5%a3\/"},"modified":"2026-04-10T13:21:20","modified_gmt":"2026-04-10T09:21:20","slug":"%d5%a1%d6%80%d6%87%d5%a1%d5%ae%d5%a1%d5%b2%d5%af%d5%ab-%d5%bd%d5%a5%d6%80%d5%b4%d5%a5%d6%80-%d5%bd%d6%87-%d5%a2%d5%b8%d5%be%d5%a1%d5%ae-%d5%b0%d5%a1%d5%bf%d5%a8%d5%b6%d5%bf%d5%ab%d6%80-200%d5%a3","status":"publish","type":"product","link":"https:\/\/b2b-armangroup.com\/fr\/produit\/%d5%a1%d6%80%d6%87%d5%a1%d5%ae%d5%a1%d5%b2%d5%af%d5%ab-%d5%bd%d5%a5%d6%80%d5%b4%d5%a5%d6%80-%d5%bd%d6%87-%d5%a2%d5%b8%d5%be%d5%a1%d5%ae-%d5%b0%d5%a1%d5%bf%d5%a8%d5%b6%d5%bf%d5%ab%d6%80-200%d5%a3\/","title":{"rendered":"\u00ab Ot Martina \u00bb Graines de tournesol grill\u00e9es s\u00e9lectionn\u00e9es \u2013 200g"},"content":{"rendered":"","protected":false},"excerpt":{"rendered":"<p class=\"p1\">Graines de tournesol croustillantes et aromatiques, soigneusement s\u00e9lectionn\u00e9es et parfaitement grill\u00e9es. Un en-cas sain, riche en huiles naturelles et en nutriments. Paquet : 200g.<\/p>\n<p>2,20 \u20ac per pack<\/p>","protected":false},"featured_media":14782,"comment_status":"open","ping_status":"closed","template":"","meta":{"_acf_changed":false},"product_brand":[],"product_cat":[174,235,237],"product_tag":[83],"class_list":{"0":"post-7234","1":"product","2":"type-product","3":"status-publish","4":"has-post-thumbnail","6":"product_cat-all-collections","7":"product_cat-snacks","8":"product_cat-sunflower-seeds","9":"product_tag-83","11":"first","12":"instock","13":"shipping-taxable","14":"purchasable","15":"product-type-variable","16":"wvs-archive-product-wrapper"},"acf":[],"_links":{"self":[{"href":"https:\/\/b2b-armangroup.com\/fr\/wp-json\/wp\/v2\/product\/7234","targetHints":{"allow":["GET"]}}],"collection":[{"href":"https:\/\/b2b-armangroup.com\/fr\/wp-json\/wp\/v2\/product"}],"about":[{"href":"https:\/\/b2b-armangroup.com\/fr\/wp-json\/wp\/v2\/types\/product"}],"replies":[{"embeddable":true,"href":"https:\/\/b2b-armangroup.com\/fr\/wp-json\/wp\/v2\/comments?post=7234"}],"version-history":[{"count":12,"href":"https:\/\/b2b-armangroup.com\/fr\/wp-json\/wp\/v2\/product\/7234\/revisions"}],"predecessor-version":[{"id":16548,"href":"https:\/\/b2b-armangroup.com\/fr\/wp-json\/wp\/v2\/product\/7234\/revisions\/16548"}],"wp:featuredmedia":[{"embeddable":true,"href":"https:\/\/b2b-armangroup.com\/fr\/wp-json\/wp\/v2\/media\/14782"}],"wp:attachment":[{"href":"https:\/\/b2b-armangroup.com\/fr\/wp-json\/wp\/v2\/media?parent=7234"}],"wp:term":[{"taxonomy":"product_brand","embeddable":true,"href":"https:\/\/b2b-armangroup.com\/fr\/wp-json\/wp\/v2\/product_brand?post=7234"},{"taxonomy":"product_cat","embeddable":true,"href":"https:\/\/b2b-armangroup.com\/fr\/wp-json\/wp\/v2\/product_cat?post=7234"},{"taxonomy":"product_tag","embeddable":true,"href":"https:\/\/b2b-armangroup.com\/fr\/wp-json\/wp\/v2\/product_tag?post=7234"}],"curies":[{"name":"wp","href":"https:\/\/api.w.org\/{rel}","templated":true}]}}