{"id":7245,"date":"2025-03-16T15:36:23","date_gmt":"2025-03-16T11:36:23","guid":{"rendered":"https:\/\/b2b-armangroup.com\/product\/sunflower-seeds-selected-roasted-ot-martina-500g\/"},"modified":"2026-04-10T13:20:59","modified_gmt":"2026-04-10T09:20:59","slug":"sunflower-seeds-selected-roasted-ot-martina-500g","status":"publish","type":"product","link":"https:\/\/b2b-armangroup.com\/fr\/produit\/sunflower-seeds-selected-roasted-ot-martina-500g\/","title":{"rendered":"\u00ab Ot Martina \u00bb Graines de tournesol grill\u00e9es s\u00e9lectionn\u00e9es \u2013 500g"},"content":{"rendered":"","protected":false},"excerpt":{"rendered":"<p class=\"p1\">Grand paquet de graines de tournesol grill\u00e9es de premi\u00e8re qualit\u00e9 \u2014 croquantes, aromatiques et riches en saveur naturelle. Le format 500g est parfait pour les r\u00e9unions, les voyages ou \u00e0 partager entre amis.<\/p>\n<p>4,65 \u20ac per pack<\/p>","protected":false},"featured_media":14784,"comment_status":"open","ping_status":"closed","template":"","meta":{"_acf_changed":false},"product_brand":[],"product_cat":[174,235,237],"product_tag":[83],"class_list":{"0":"post-7245","1":"product","2":"type-product","3":"status-publish","4":"has-post-thumbnail","6":"product_cat-all-collections","7":"product_cat-snacks","8":"product_cat-sunflower-seeds","9":"product_tag-83","11":"first","12":"instock","13":"shipping-taxable","14":"purchasable","15":"product-type-variable","16":"wvs-archive-product-wrapper"},"acf":[],"_links":{"self":[{"href":"https:\/\/b2b-armangroup.com\/fr\/wp-json\/wp\/v2\/product\/7245","targetHints":{"allow":["GET"]}}],"collection":[{"href":"https:\/\/b2b-armangroup.com\/fr\/wp-json\/wp\/v2\/product"}],"about":[{"href":"https:\/\/b2b-armangroup.com\/fr\/wp-json\/wp\/v2\/types\/product"}],"replies":[{"embeddable":true,"href":"https:\/\/b2b-armangroup.com\/fr\/wp-json\/wp\/v2\/comments?post=7245"}],"version-history":[{"count":11,"href":"https:\/\/b2b-armangroup.com\/fr\/wp-json\/wp\/v2\/product\/7245\/revisions"}],"predecessor-version":[{"id":16547,"href":"https:\/\/b2b-armangroup.com\/fr\/wp-json\/wp\/v2\/product\/7245\/revisions\/16547"}],"wp:featuredmedia":[{"embeddable":true,"href":"https:\/\/b2b-armangroup.com\/fr\/wp-json\/wp\/v2\/media\/14784"}],"wp:attachment":[{"href":"https:\/\/b2b-armangroup.com\/fr\/wp-json\/wp\/v2\/media?parent=7245"}],"wp:term":[{"taxonomy":"product_brand","embeddable":true,"href":"https:\/\/b2b-armangroup.com\/fr\/wp-json\/wp\/v2\/product_brand?post=7245"},{"taxonomy":"product_cat","embeddable":true,"href":"https:\/\/b2b-armangroup.com\/fr\/wp-json\/wp\/v2\/product_cat?post=7245"},{"taxonomy":"product_tag","embeddable":true,"href":"https:\/\/b2b-armangroup.com\/fr\/wp-json\/wp\/v2\/product_tag?post=7245"}],"curies":[{"name":"wp","href":"https:\/\/api.w.org\/{rel}","templated":true}]}}