{"id":7330,"date":"2025-03-16T15:36:27","date_gmt":"2025-03-16T11:36:27","guid":{"rendered":"https:\/\/b2b-armangroup.com\/product\/sweet-corn-sticks-apache-strawberry-300g\/"},"modified":"2026-02-18T14:14:45","modified_gmt":"2026-02-18T10:14:45","slug":"sweet-corn-sticks-apache-strawberry-300g","status":"publish","type":"product","link":"https:\/\/b2b-armangroup.com\/fr\/produit\/sweet-corn-sticks-apache-strawberry-300g\/","title":{"rendered":"Apache \u2014 B\u00e2tonnets de ma\u00efs sucr\u00e9s \u00e0 la fraise 300 g"},"content":{"rendered":"","protected":false},"excerpt":{"rendered":"<p class=\"p1\">Apache B\u00e2tonnets de ma\u00efs sucr\u00e9s \u00e0 la fraise 300 g. Croustillants et l\u00e9gers, ces b\u00e2tonnets de ma\u00efs allient douceur et saveur fruit\u00e9e de fraise. Id\u00e9al pour les go\u00fbters en famille ou les petits plaisirs de la journ\u00e9e.<\/p>\n<p>1,40 \u20ac<\/p>","protected":false},"featured_media":9020,"comment_status":"open","ping_status":"closed","template":"","meta":{"_acf_changed":false},"product_brand":[],"product_cat":[178,226,218],"product_tag":[],"class_list":{"0":"post-7330","1":"product","2":"type-product","3":"status-publish","4":"has-post-thumbnail","6":"product_cat-chips-sunflower-seeds-sweet-sticks","7":"product_cat-sweet-sticks","8":"product_cat-sweets","10":"first","11":"outofstock","12":"shipping-taxable","13":"product-type-simple"},"acf":[],"_links":{"self":[{"href":"https:\/\/b2b-armangroup.com\/fr\/wp-json\/wp\/v2\/product\/7330","targetHints":{"allow":["GET"]}}],"collection":[{"href":"https:\/\/b2b-armangroup.com\/fr\/wp-json\/wp\/v2\/product"}],"about":[{"href":"https:\/\/b2b-armangroup.com\/fr\/wp-json\/wp\/v2\/types\/product"}],"replies":[{"embeddable":true,"href":"https:\/\/b2b-armangroup.com\/fr\/wp-json\/wp\/v2\/comments?post=7330"}],"version-history":[{"count":5,"href":"https:\/\/b2b-armangroup.com\/fr\/wp-json\/wp\/v2\/product\/7330\/revisions"}],"predecessor-version":[{"id":13691,"href":"https:\/\/b2b-armangroup.com\/fr\/wp-json\/wp\/v2\/product\/7330\/revisions\/13691"}],"wp:featuredmedia":[{"embeddable":true,"href":"https:\/\/b2b-armangroup.com\/fr\/wp-json\/wp\/v2\/media\/9020"}],"wp:attachment":[{"href":"https:\/\/b2b-armangroup.com\/fr\/wp-json\/wp\/v2\/media?parent=7330"}],"wp:term":[{"taxonomy":"product_brand","embeddable":true,"href":"https:\/\/b2b-armangroup.com\/fr\/wp-json\/wp\/v2\/product_brand?post=7330"},{"taxonomy":"product_cat","embeddable":true,"href":"https:\/\/b2b-armangroup.com\/fr\/wp-json\/wp\/v2\/product_cat?post=7330"},{"taxonomy":"product_tag","embeddable":true,"href":"https:\/\/b2b-armangroup.com\/fr\/wp-json\/wp\/v2\/product_tag?post=7330"}],"curies":[{"name":"wp","href":"https:\/\/api.w.org\/{rel}","templated":true}]}}