{"id":7341,"date":"2025-03-16T15:36:28","date_gmt":"2025-03-16T11:36:28","guid":{"rendered":"https:\/\/b2b-armangroup.com\/product\/sweet-pineapple-flavored-sticks-85g\/"},"modified":"2025-10-12T15:41:28","modified_gmt":"2025-10-12T11:41:28","slug":"sweet-pineapple-flavored-sticks-85g","status":"publish","type":"product","link":"https:\/\/b2b-armangroup.com\/fr\/produit\/sweet-pineapple-flavored-sticks-85g\/","title":{"rendered":"Apache \u2014 B\u00e2tonnets de ma\u00efs sucr\u00e9s \u00e0 l\u2019ananas 85 g"},"content":{"rendered":"","protected":false},"excerpt":{"rendered":"<p class=\"p1\">Apache B\u00e2tonnets de ma\u00efs sucr\u00e9s \u00e0 l\u2019ananas 85 g. L\u00e9gers et croustillants, ces b\u00e2tonnets allient la douceur tropicale de l\u2019ananas \u00e0 une texture fondante. Id\u00e9al pour une pause gourmande et ensoleill\u00e9e.<\/p>\n<p>1,00 \u20ac<\/p>","protected":false},"featured_media":9023,"comment_status":"open","ping_status":"closed","template":"","meta":{"_acf_changed":false},"product_brand":[],"product_cat":[174,226,218],"product_tag":[],"class_list":{"0":"post-7341","1":"product","2":"type-product","3":"status-publish","4":"has-post-thumbnail","6":"product_cat-all-collections","7":"product_cat-sweet-sticks","8":"product_cat-sweets","10":"first","11":"outofstock","12":"shipping-taxable","13":"purchasable","14":"product-type-variable","15":"wvs-archive-product-wrapper"},"acf":[],"_links":{"self":[{"href":"https:\/\/b2b-armangroup.com\/fr\/wp-json\/wp\/v2\/product\/7341","targetHints":{"allow":["GET"]}}],"collection":[{"href":"https:\/\/b2b-armangroup.com\/fr\/wp-json\/wp\/v2\/product"}],"about":[{"href":"https:\/\/b2b-armangroup.com\/fr\/wp-json\/wp\/v2\/types\/product"}],"replies":[{"embeddable":true,"href":"https:\/\/b2b-armangroup.com\/fr\/wp-json\/wp\/v2\/comments?post=7341"}],"version-history":[{"count":3,"href":"https:\/\/b2b-armangroup.com\/fr\/wp-json\/wp\/v2\/product\/7341\/revisions"}],"predecessor-version":[{"id":13372,"href":"https:\/\/b2b-armangroup.com\/fr\/wp-json\/wp\/v2\/product\/7341\/revisions\/13372"}],"wp:featuredmedia":[{"embeddable":true,"href":"https:\/\/b2b-armangroup.com\/fr\/wp-json\/wp\/v2\/media\/9023"}],"wp:attachment":[{"href":"https:\/\/b2b-armangroup.com\/fr\/wp-json\/wp\/v2\/media?parent=7341"}],"wp:term":[{"taxonomy":"product_brand","embeddable":true,"href":"https:\/\/b2b-armangroup.com\/fr\/wp-json\/wp\/v2\/product_brand?post=7341"},{"taxonomy":"product_cat","embeddable":true,"href":"https:\/\/b2b-armangroup.com\/fr\/wp-json\/wp\/v2\/product_cat?post=7341"},{"taxonomy":"product_tag","embeddable":true,"href":"https:\/\/b2b-armangroup.com\/fr\/wp-json\/wp\/v2\/product_tag?post=7341"}],"curies":[{"name":"wp","href":"https:\/\/api.w.org\/{rel}","templated":true}]}}