{"id":7354,"date":"2025-03-16T15:36:28","date_gmt":"2025-03-16T11:36:28","guid":{"rendered":"https:\/\/b2b-armangroup.com\/product\/sweet-sticks-classic-85g\/"},"modified":"2026-04-07T13:42:19","modified_gmt":"2026-04-07T09:42:19","slug":"sweet-sticks-classic-85g","status":"publish","type":"product","link":"https:\/\/b2b-armangroup.com\/fr\/produit\/sweet-sticks-classic-85g\/","title":{"rendered":"Apache \u2014 B\u00e2tonnets sucr\u00e9s classiques 85 g"},"content":{"rendered":"","protected":false},"excerpt":{"rendered":"<p class=\"p1\">Apache B\u00e2tonnets sucr\u00e9s classiques 85 g. Simples, croustillants et l\u00e9g\u00e8rement sucr\u00e9s \u2014 le go\u00fbt intemporel qui pla\u00eet \u00e0 toutes les g\u00e9n\u00e9rations. Un \u00e9quilibre parfait entre douceur et croquant.<\/p>\n<p>0,55 \u20ac<\/p>","protected":false},"featured_media":9025,"comment_status":"open","ping_status":"closed","template":"","meta":{"_acf_changed":false},"product_brand":[],"product_cat":[174,226,218],"product_tag":[],"class_list":{"0":"post-7354","1":"product","2":"type-product","3":"status-publish","4":"has-post-thumbnail","6":"product_cat-all-collections","7":"product_cat-sweet-sticks","8":"product_cat-sweets","10":"first","11":"outofstock","12":"shipping-taxable","13":"purchasable","14":"product-type-variable","15":"wvs-archive-product-wrapper"},"acf":[],"_links":{"self":[{"href":"https:\/\/b2b-armangroup.com\/fr\/wp-json\/wp\/v2\/product\/7354","targetHints":{"allow":["GET"]}}],"collection":[{"href":"https:\/\/b2b-armangroup.com\/fr\/wp-json\/wp\/v2\/product"}],"about":[{"href":"https:\/\/b2b-armangroup.com\/fr\/wp-json\/wp\/v2\/types\/product"}],"replies":[{"embeddable":true,"href":"https:\/\/b2b-armangroup.com\/fr\/wp-json\/wp\/v2\/comments?post=7354"}],"version-history":[{"count":5,"href":"https:\/\/b2b-armangroup.com\/fr\/wp-json\/wp\/v2\/product\/7354\/revisions"}],"predecessor-version":[{"id":13690,"href":"https:\/\/b2b-armangroup.com\/fr\/wp-json\/wp\/v2\/product\/7354\/revisions\/13690"}],"wp:featuredmedia":[{"embeddable":true,"href":"https:\/\/b2b-armangroup.com\/fr\/wp-json\/wp\/v2\/media\/9025"}],"wp:attachment":[{"href":"https:\/\/b2b-armangroup.com\/fr\/wp-json\/wp\/v2\/media?parent=7354"}],"wp:term":[{"taxonomy":"product_brand","embeddable":true,"href":"https:\/\/b2b-armangroup.com\/fr\/wp-json\/wp\/v2\/product_brand?post=7354"},{"taxonomy":"product_cat","embeddable":true,"href":"https:\/\/b2b-armangroup.com\/fr\/wp-json\/wp\/v2\/product_cat?post=7354"},{"taxonomy":"product_tag","embeddable":true,"href":"https:\/\/b2b-armangroup.com\/fr\/wp-json\/wp\/v2\/product_tag?post=7354"}],"curies":[{"name":"wp","href":"https:\/\/api.w.org\/{rel}","templated":true}]}}