{"id":7365,"date":"2025-03-16T15:36:29","date_gmt":"2025-03-16T11:36:29","guid":{"rendered":"https:\/\/b2b-armangroup.com\/product\/sweet-sticks-strawberry-daroink-80g\/"},"modified":"2026-04-09T13:35:26","modified_gmt":"2026-04-09T09:35:26","slug":"sweet-sticks-strawberry-daroink-80g","status":"publish","type":"product","link":"https:\/\/b2b-armangroup.com\/fr\/produit\/sweet-sticks-strawberry-daroink-80g\/","title":{"rendered":"Daroink \u2014 B\u00e2tonnets sucr\u00e9s \u00e0 la fraise 80 g"},"content":{"rendered":"","protected":false},"excerpt":{"rendered":"<p class=\"p1\">Daroink B\u00e2tonnets sucr\u00e9s \u00e0 la fraise 80 g. B\u00e2tonnets de ma\u00efs croustillants et l\u00e9gers au go\u00fbt d\u00e9licat de fraise. Une collation arm\u00e9nienne classique, appr\u00e9ci\u00e9e des enfants et des adultes. Pr\u00e9par\u00e9s \u00e0 partir d\u2019ingr\u00e9dients naturels pour une douceur l\u00e9g\u00e8re et croquante.<\/p>\n<p>0,40\u20ac per pack<\/p>","protected":false},"featured_media":9027,"comment_status":"open","ping_status":"closed","template":"","meta":{"_acf_changed":false},"product_brand":[],"product_cat":[201,226,218],"product_tag":[83],"class_list":{"0":"post-7365","1":"product","2":"type-product","3":"status-publish","4":"has-post-thumbnail","6":"product_cat-daroink","7":"product_cat-sweet-sticks","8":"product_cat-sweets","9":"product_tag-83","11":"first","12":"instock","13":"shipping-taxable","14":"purchasable","15":"product-type-variable","16":"wvs-archive-product-wrapper"},"acf":[],"_links":{"self":[{"href":"https:\/\/b2b-armangroup.com\/fr\/wp-json\/wp\/v2\/product\/7365","targetHints":{"allow":["GET"]}}],"collection":[{"href":"https:\/\/b2b-armangroup.com\/fr\/wp-json\/wp\/v2\/product"}],"about":[{"href":"https:\/\/b2b-armangroup.com\/fr\/wp-json\/wp\/v2\/types\/product"}],"replies":[{"embeddable":true,"href":"https:\/\/b2b-armangroup.com\/fr\/wp-json\/wp\/v2\/comments?post=7365"}],"version-history":[{"count":5,"href":"https:\/\/b2b-armangroup.com\/fr\/wp-json\/wp\/v2\/product\/7365\/revisions"}],"predecessor-version":[{"id":16502,"href":"https:\/\/b2b-armangroup.com\/fr\/wp-json\/wp\/v2\/product\/7365\/revisions\/16502"}],"wp:featuredmedia":[{"embeddable":true,"href":"https:\/\/b2b-armangroup.com\/fr\/wp-json\/wp\/v2\/media\/9027"}],"wp:attachment":[{"href":"https:\/\/b2b-armangroup.com\/fr\/wp-json\/wp\/v2\/media?parent=7365"}],"wp:term":[{"taxonomy":"product_brand","embeddable":true,"href":"https:\/\/b2b-armangroup.com\/fr\/wp-json\/wp\/v2\/product_brand?post=7365"},{"taxonomy":"product_cat","embeddable":true,"href":"https:\/\/b2b-armangroup.com\/fr\/wp-json\/wp\/v2\/product_cat?post=7365"},{"taxonomy":"product_tag","embeddable":true,"href":"https:\/\/b2b-armangroup.com\/fr\/wp-json\/wp\/v2\/product_tag?post=7365"}],"curies":[{"name":"wp","href":"https:\/\/api.w.org\/{rel}","templated":true}]}}