{"id":7371,"date":"2025-03-16T15:36:29","date_gmt":"2025-03-16T11:36:29","guid":{"rendered":"https:\/\/b2b-armangroup.com\/product\/sweet-sticks-taste-of-watermelon-apache-85g\/"},"modified":"2026-04-07T13:42:12","modified_gmt":"2026-04-07T09:42:12","slug":"sweet-sticks-taste-of-watermelon-apache-85g","status":"publish","type":"product","link":"https:\/\/b2b-armangroup.com\/fr\/produit\/sweet-sticks-taste-of-watermelon-apache-85g\/","title":{"rendered":"Apache \u2014 B\u00e2tonnets sucr\u00e9s au go\u00fbt de past\u00e8que 85 g"},"content":{"rendered":"","protected":false},"excerpt":{"rendered":"<p class=\"p1\">Apache B\u00e2tonnets sucr\u00e9s au go\u00fbt de past\u00e8que 85 g. L\u00e9gers et croustillants, ces b\u00e2tonnets de ma\u00efs offrent une saveur fruit\u00e9e et rafra\u00eechissante de past\u00e8que. Une gourmandise estivale et joyeuse \u00e0 savourer \u00e0 tout moment.<\/p>\n<p>0,55 \u20ac<\/p>","protected":false},"featured_media":14796,"comment_status":"open","ping_status":"closed","template":"","meta":{"_acf_changed":false},"product_brand":[],"product_cat":[226,218],"product_tag":[],"class_list":{"0":"post-7371","1":"product","2":"type-product","3":"status-publish","4":"has-post-thumbnail","6":"product_cat-sweet-sticks","7":"product_cat-sweets","9":"first","10":"outofstock","11":"shipping-taxable","12":"purchasable","13":"product-type-variable","14":"wvs-archive-product-wrapper"},"acf":[],"_links":{"self":[{"href":"https:\/\/b2b-armangroup.com\/fr\/wp-json\/wp\/v2\/product\/7371","targetHints":{"allow":["GET"]}}],"collection":[{"href":"https:\/\/b2b-armangroup.com\/fr\/wp-json\/wp\/v2\/product"}],"about":[{"href":"https:\/\/b2b-armangroup.com\/fr\/wp-json\/wp\/v2\/types\/product"}],"replies":[{"embeddable":true,"href":"https:\/\/b2b-armangroup.com\/fr\/wp-json\/wp\/v2\/comments?post=7371"}],"version-history":[{"count":4,"href":"https:\/\/b2b-armangroup.com\/fr\/wp-json\/wp\/v2\/product\/7371\/revisions"}],"predecessor-version":[{"id":13367,"href":"https:\/\/b2b-armangroup.com\/fr\/wp-json\/wp\/v2\/product\/7371\/revisions\/13367"}],"wp:featuredmedia":[{"embeddable":true,"href":"https:\/\/b2b-armangroup.com\/fr\/wp-json\/wp\/v2\/media\/14796"}],"wp:attachment":[{"href":"https:\/\/b2b-armangroup.com\/fr\/wp-json\/wp\/v2\/media?parent=7371"}],"wp:term":[{"taxonomy":"product_brand","embeddable":true,"href":"https:\/\/b2b-armangroup.com\/fr\/wp-json\/wp\/v2\/product_brand?post=7371"},{"taxonomy":"product_cat","embeddable":true,"href":"https:\/\/b2b-armangroup.com\/fr\/wp-json\/wp\/v2\/product_cat?post=7371"},{"taxonomy":"product_tag","embeddable":true,"href":"https:\/\/b2b-armangroup.com\/fr\/wp-json\/wp\/v2\/product_tag?post=7371"}],"curies":[{"name":"wp","href":"https:\/\/api.w.org\/{rel}","templated":true}]}}