{"id":7384,"date":"2025-03-16T15:36:30","date_gmt":"2025-03-16T11:36:30","guid":{"rendered":"https:\/\/b2b-armangroup.com\/product\/sweet-sticks-with-the-taste-of-condensed-milk-85g\/"},"modified":"2026-04-07T13:42:05","modified_gmt":"2026-04-07T09:42:05","slug":"sweet-sticks-with-the-taste-of-condensed-milk-85g","status":"publish","type":"product","link":"https:\/\/b2b-armangroup.com\/fr\/produit\/sweet-sticks-with-the-taste-of-condensed-milk-85g\/","title":{"rendered":"Apache \u2014 B\u00e2tonnets sucr\u00e9s au go\u00fbt de lait concentr\u00e9 85 g"},"content":{"rendered":"","protected":false},"excerpt":{"rendered":"<p class=\"p1\">Apache B\u00e2tonnets sucr\u00e9s au go\u00fbt de lait concentr\u00e9 85 g. Croustillants et l\u00e9gers, ces b\u00e2tonnets de ma\u00efs offrent une saveur douce et cr\u00e9meuse de lait concentr\u00e9. Une gourmandise classique qui ravit petits et grands.<\/p>\n<p>0,55 \u20ac<\/p>","protected":false},"featured_media":14800,"comment_status":"open","ping_status":"closed","template":"","meta":{"_acf_changed":false},"product_brand":[],"product_cat":[174,226,218],"product_tag":[],"class_list":{"0":"post-7384","1":"product","2":"type-product","3":"status-publish","4":"has-post-thumbnail","6":"product_cat-all-collections","7":"product_cat-sweet-sticks","8":"product_cat-sweets","10":"first","11":"outofstock","12":"shipping-taxable","13":"purchasable","14":"product-type-variable","15":"wvs-archive-product-wrapper"},"acf":[],"_links":{"self":[{"href":"https:\/\/b2b-armangroup.com\/fr\/wp-json\/wp\/v2\/product\/7384","targetHints":{"allow":["GET"]}}],"collection":[{"href":"https:\/\/b2b-armangroup.com\/fr\/wp-json\/wp\/v2\/product"}],"about":[{"href":"https:\/\/b2b-armangroup.com\/fr\/wp-json\/wp\/v2\/types\/product"}],"replies":[{"embeddable":true,"href":"https:\/\/b2b-armangroup.com\/fr\/wp-json\/wp\/v2\/comments?post=7384"}],"version-history":[{"count":4,"href":"https:\/\/b2b-armangroup.com\/fr\/wp-json\/wp\/v2\/product\/7384\/revisions"}],"predecessor-version":[{"id":13366,"href":"https:\/\/b2b-armangroup.com\/fr\/wp-json\/wp\/v2\/product\/7384\/revisions\/13366"}],"wp:featuredmedia":[{"embeddable":true,"href":"https:\/\/b2b-armangroup.com\/fr\/wp-json\/wp\/v2\/media\/14800"}],"wp:attachment":[{"href":"https:\/\/b2b-armangroup.com\/fr\/wp-json\/wp\/v2\/media?parent=7384"}],"wp:term":[{"taxonomy":"product_brand","embeddable":true,"href":"https:\/\/b2b-armangroup.com\/fr\/wp-json\/wp\/v2\/product_brand?post=7384"},{"taxonomy":"product_cat","embeddable":true,"href":"https:\/\/b2b-armangroup.com\/fr\/wp-json\/wp\/v2\/product_cat?post=7384"},{"taxonomy":"product_tag","embeddable":true,"href":"https:\/\/b2b-armangroup.com\/fr\/wp-json\/wp\/v2\/product_tag?post=7384"}],"curies":[{"name":"wp","href":"https:\/\/api.w.org\/{rel}","templated":true}]}}